{"id":2524,"date":"2023-11-12T18:21:45","date_gmt":"2023-11-12T18:21:45","guid":{"rendered":"https:\/\/kolinhotel.com\/?page_id=2524"},"modified":"2024-04-05T09:00:53","modified_gmt":"2024-04-05T09:00:53","slug":"neler-yapilir","status":"publish","type":"page","link":"https:\/\/kolinhotel.com\/en\/neler-yapilir\/","title":{"rendered":"Neler Yap\u0131l\u0131r"},"content":{"rendered":"<div data-elementor-type=\"wp-page\" data-elementor-id=\"2524\" class=\"elementor elementor-2524\">\n\t\t\t\t<div class=\"elementor-element elementor-element-96fc46b e-con-full e-flex e-con e-parent\" data-id=\"96fc46b\" data-element_type=\"container\" data-e-type=\"container\">\n\t\t<div class=\"elementor-element elementor-element-0c4a0c5 e-con-full e-flex e-con e-child\" data-id=\"0c4a0c5\" data-element_type=\"container\" data-e-type=\"container\" data-settings=\"{&quot;background_background&quot;:&quot;classic&quot;}\">\n\t\t\t\t<div class=\"elementor-element elementor-element-637ccbb elementor-widget elementor-widget-heading\" data-id=\"637ccbb\" data-element_type=\"widget\" data-e-type=\"widget\" data-widget_type=\"heading.default\">\n\t\t\t\t<div class=\"elementor-widget-container\">\n\t\t\t\t\t<h2 class=\"elementor-heading-title elementor-size-default\">Discover the Hotel<\/h2>\t\t\t\t<\/div>\n\t\t\t\t<\/div>\n\t\t\t\t<div class=\"elementor-element elementor-element-28db2e9 elementor-widget elementor-widget-heading\" data-id=\"28db2e9\" data-element_type=\"widget\" data-e-type=\"widget\" data-widget_type=\"heading.default\">\n\t\t\t\t<div class=\"elementor-widget-container\">\n\t\t\t\t\t<h2 class=\"elementor-heading-title elementor-size-default\">From sports to art, from entertainment to gastronomy. <br>Discover in-hotel events.<\/h2>\t\t\t\t<\/div>\n\t\t\t\t<\/div>\n\t\t\t\t<div class=\"elementor-element elementor-element-69d2a8c elementor-widget elementor-widget-eael-creative-button\" data-id=\"69d2a8c\" data-element_type=\"widget\" data-e-type=\"widget\" data-widget_type=\"eael-creative-button.default\">\n\t\t\t\t<div class=\"elementor-widget-container\">\n\t\t\t\t\t        <div class=\"eael-creative-button-wrapper\">\n\n            <a class=\"eael-creative-button eael-creative-button--wayra eael-cb-icon-position-\" href=\"https:\/\/kolinhotel.com\/en\/otelde-neler-yapilir\/\" data-text=\"\">\n            \t    \n                <div class=\"creative-button-inner\">\n\n                    \n                    <span class=\"cretive-button-text\">DISCOVER THE HOTEL<\/span>\n\n                                    <\/div>\n\t                        <\/a>\n        <\/div>\n        \t\t\t\t<\/div>\n\t\t\t\t<\/div>\n\t\t\t\t<div class=\"elementor-element elementor-element-82cdbd6 elementor-widget elementor-widget-eael-image-accordion\" data-id=\"82cdbd6\" data-element_type=\"widget\" data-e-type=\"widget\" data-widget_type=\"eael-image-accordion.default\">\n\t\t\t\t<div class=\"elementor-widget-container\">\n\t\t\t\t\t    <div class=\"eael-img-accordion accordion-direction-horizontal eael-img-accordion-horizontal-align-center eael-img-accordion-vertical-align-center\" id=\"eael-img-accordion-82cdbd6\" data-img-accordion-id=\"82cdbd6\" data-img-accordion-type=\"on-hover\">\n                    \n            <div class=\"eael-image-accordion-hover eael-image-accordion-item\" style=\"background-image: url(https:\/\/kolinhotel.com\/wp-content\/uploads\/2023\/11\/3.jpg);\"  tabindex=\"0\">\n                <div class=\"overlay\">\n                                        <div class=\"overlay-inner\">\n                        <h2 class=\"img-accordion-title\">Fun<\/h2>                            <p><p>Entertainment activities from swimming to activities.<\/p><\/p>\n                                            <\/div>\n                <\/div>\n            <\/div>\n                    \n            <div class=\"eael-image-accordion-hover eael-image-accordion-item\" style=\"background-image: url(https:\/\/kolinhotel.com\/wp-content\/uploads\/2023\/11\/ff0ff6b8-4668-4066-a903-8532bf626ec8-2.jpg);\"  tabindex=\"0\">\n                <div class=\"overlay\">\n                                        <div class=\"overlay-inner\">\n                        <h2 class=\"img-accordion-title\">Gastronomy<\/h2>                            <p><p>Breakfast, local delicacies, new flavors and more.<\/p><\/p>\n                                            <\/div>\n                <\/div>\n            <\/div>\n                    \n            <div class=\"eael-image-accordion-hover eael-image-accordion-item\" style=\"background-image: url(https:\/\/kolinhotel.com\/wp-content\/uploads\/2023\/11\/4.jpg);\"  tabindex=\"0\">\n                <div class=\"overlay\">\n                                        <div class=\"overlay-inner\">\n                        <h2 class=\"img-accordion-title\">Health<\/h2>                            <p><p>Health activities from fitness to meditation sessions.<\/p><\/p>\n                                            <\/div>\n                <\/div>\n            <\/div>\n                <\/div>\n        <style typr=\"text\/css\">\n                    #eael-img-accordion-82cdbd6 .eael-image-accordion-hover:hover {\n                        flex: 3 1 0% !important;\n                    }\n                    #eael-img-accordion-82cdbd6 .eael-image-accordion-hover:hover:hover .overlay-inner * {\n                        opacity: 1;\n                        visibility: visible;\n                        transform: none;\n                        transition: all .3s .3s;\n                    }\n                <\/style>\t\t\t\t<\/div>\n\t\t\t\t<\/div>\n\t\t\t\t<\/div>\n\t\t\t\t<\/div>\n\t\t<div class=\"elementor-element elementor-element-05117ea e-con-full e-flex e-con e-parent\" data-id=\"05117ea\" data-element_type=\"container\" data-e-type=\"container\">\n\t\t<div class=\"elementor-element elementor-element-9e4674e e-con-full e-flex e-con e-child\" data-id=\"9e4674e\" data-element_type=\"container\" data-e-type=\"container\" data-settings=\"{&quot;background_background&quot;:&quot;classic&quot;}\">\n\t\t\t\t<div class=\"elementor-element elementor-element-709ad2c elementor-widget elementor-widget-heading\" data-id=\"709ad2c\" data-element_type=\"widget\" data-e-type=\"widget\" data-widget_type=\"heading.default\">\n\t\t\t\t<div class=\"elementor-widget-container\">\n\t\t\t\t\t<h2 class=\"elementor-heading-title elementor-size-default\">Explore the City<\/h2>\t\t\t\t<\/div>\n\t\t\t\t<\/div>\n\t\t\t\t<div class=\"elementor-element elementor-element-7b18c7b elementor-widget elementor-widget-heading\" data-id=\"7b18c7b\" data-element_type=\"widget\" data-e-type=\"widget\" data-widget_type=\"heading.default\">\n\t\t\t\t<div class=\"elementor-widget-container\">\n\t\t\t\t\t<h2 class=\"elementor-heading-title elementor-size-default\">Discover the adventures waiting for you from the city, from cultural trips to entertainment venues, from history routes to cycling.<\/h2>\t\t\t\t<\/div>\n\t\t\t\t<\/div>\n\t\t\t\t<div class=\"elementor-element elementor-element-85fe9e6 elementor-widget elementor-widget-heading\" data-id=\"85fe9e6\" data-element_type=\"widget\" data-e-type=\"widget\" data-widget_type=\"heading.default\">\n\t\t\t\t<div class=\"elementor-widget-container\">\n\t\t\t\t\t<h2 class=\"elementor-heading-title elementor-size-default\"><a href=\"https:\/\/canakkale.ktb.gov.tr\" target=\"_blank\">T.C. K\u00fclt\u00fcrTurizm Bakanl\u0131\u011f\u0131'na ait \u00c7anakkale rotalar\u0131n\u0131 da buradan ke\u015ffedebilirsiniz.<\/a><\/h2>\t\t\t\t<\/div>\n\t\t\t\t<\/div>\n\t\t\t\t<div class=\"elementor-element elementor-element-085ec68 elementor-widget elementor-widget-eael-creative-button\" data-id=\"085ec68\" data-element_type=\"widget\" data-e-type=\"widget\" data-widget_type=\"eael-creative-button.default\">\n\t\t\t\t<div class=\"elementor-widget-container\">\n\t\t\t\t\t        <div class=\"eael-creative-button-wrapper\">\n\n            <a class=\"eael-creative-button eael-creative-button--wayra eael-cb-icon-position-\" href=\"https:\/\/kolinhotel.com\/en\/canakkale-neler-yapilir\/\" data-text=\"\">\n            \t    \n                <div class=\"creative-button-inner\">\n\n                    \n                    <span class=\"cretive-button-text\">DISCOVER \u00c7ANAKKALE<\/span>\n\n                                    <\/div>\n\t                        <\/a>\n        <\/div>\n        \t\t\t\t<\/div>\n\t\t\t\t<\/div>\n\t\t\t\t<div class=\"elementor-element elementor-element-9acd4dc elementor-widget elementor-widget-eael-image-accordion\" data-id=\"9acd4dc\" data-element_type=\"widget\" data-e-type=\"widget\" data-widget_type=\"eael-image-accordion.default\">\n\t\t\t\t<div class=\"elementor-widget-container\">\n\t\t\t\t\t    <div class=\"eael-img-accordion accordion-direction-horizontal eael-img-accordion-horizontal-align-center eael-img-accordion-vertical-align-center\" id=\"eael-img-accordion-9acd4dc\" data-img-accordion-id=\"9acd4dc\" data-img-accordion-type=\"on-hover\">\n                    \n            <div class=\"eael-image-accordion-hover eael-image-accordion-item\" style=\"background-image: url(https:\/\/kolinhotel.com\/wp-content\/uploads\/2023\/11\/2-2.jpg);\"  tabindex=\"0\">\n                <div class=\"overlay\">\n                                        <div class=\"overlay-inner\">\n                        <h2 class=\"img-accordion-title\">Tarih<\/h2>                            <p><p>Feel the proud lands and triumphs of history.<\/p><\/p>\n                                            <\/div>\n                <\/div>\n            <\/div>\n                    \n            <div class=\"eael-image-accordion-hover eael-image-accordion-item\" style=\"background-image: url(https:\/\/kolinhotel.com\/wp-content\/uploads\/2023\/11\/1-2.jpg);\"  tabindex=\"0\">\n                <div class=\"overlay\">\n                                        <div class=\"overlay-inner\">\n                        <h2 class=\"img-accordion-title\">Fun<\/h2>                            <p><p>Concerts, nightlife and other events.<\/p><\/p>\n                                            <\/div>\n                <\/div>\n            <\/div>\n                    \n            <div class=\"eael-image-accordion-hover eael-image-accordion-item\" style=\"background-image: url(https:\/\/kolinhotel.com\/wp-content\/uploads\/2023\/11\/05adb8be-34a1-4d2f-bfd3-9ee4cc27868f-2.jpg);\"  tabindex=\"0\">\n                <div class=\"overlay\">\n                                        <div class=\"overlay-inner\">\n                        <h2 class=\"img-accordion-title\">Gastronomy<\/h2>                            <p><p>Experience the tastes of the city.<\/p><\/p>\n                                            <\/div>\n                <\/div>\n            <\/div>\n                <\/div>\n        <style typr=\"text\/css\">\n                    #eael-img-accordion-9acd4dc .eael-image-accordion-hover:hover {\n                        flex: 3 1 0% !important;\n                    }\n                    #eael-img-accordion-9acd4dc .eael-image-accordion-hover:hover:hover .overlay-inner * {\n                        opacity: 1;\n                        visibility: visible;\n                        transform: none;\n                        transition: all .3s .3s;\n                    }\n                <\/style>\t\t\t\t<\/div>\n\t\t\t\t<\/div>\n\t\t\t\t<\/div>\n\t\t\t\t<\/div>\n\t\t<div class=\"elementor-element elementor-element-ed20e63 e-flex e-con-boxed e-con e-parent\" data-id=\"ed20e63\" data-element_type=\"container\" data-e-type=\"container\">\n\t\t\t\t\t<div class=\"e-con-inner\">\n\t\t\t\t<div class=\"elementor-element elementor-element-0b2de54 elementor-widget elementor-widget-image\" data-id=\"0b2de54\" data-element_type=\"widget\" data-e-type=\"widget\" data-widget_type=\"image.default\">\n\t\t\t\t<div class=\"elementor-widget-container\">\n\t\t\t\t\t\t\t\t\t\t\t\t\t\t\t<img fetchpriority=\"high\" decoding=\"async\" width=\"525\" height=\"394\" src=\"https:\/\/kolinhotel.com\/wp-content\/uploads\/tc-kultur-ve-turizm-bakanligi9363-jpg.webp\" class=\"attachment-large size-large wp-image-5190\" alt=\"\" srcset=\"https:\/\/kolinhotel.com\/wp-content\/uploads\/tc-kultur-ve-turizm-bakanligi9363-jpg.webp 866w, https:\/\/kolinhotel.com\/wp-content\/uploads\/tc-kultur-ve-turizm-bakanligi9363-300x225.webp 300w, https:\/\/kolinhotel.com\/wp-content\/uploads\/tc-kultur-ve-turizm-bakanligi9363-768x576.webp 768w, https:\/\/kolinhotel.com\/wp-content\/uploads\/tc-kultur-ve-turizm-bakanligi9363-16x12.webp 16w\" sizes=\"(max-width: 525px) 100vw, 525px\" \/>\t\t\t\t\t\t\t\t\t\t\t\t\t\t\t<\/div>\n\t\t\t\t<\/div>\n\t\t\t\t<div class=\"elementor-element elementor-element-0469e31 elementor-widget elementor-widget-text-editor\" data-id=\"0469e31\" data-element_type=\"widget\" data-e-type=\"widget\" data-widget_type=\"text-editor.default\">\n\t\t\t\t<div class=\"elementor-widget-container\">\n\t\t\t\t\t\t\t\t\t<p>You can review Photo Gallery, Museums and Historical Sites, Cultural Details, Tourism Activities, Don't Return Without Doing, \u00c7anakkale Promotional Film, Places to Visit, GoTurkey Tourism Promotion Platform and more on the \u00c7anakkale Provincial Directorate of Culture and Tourism website.<\/p>\t\t\t\t\t\t\t\t<\/div>\n\t\t\t\t<\/div>\n\t\t\t\t<div class=\"elementor-element elementor-element-8d864b6 elementor-widget elementor-widget-eael-creative-button\" data-id=\"8d864b6\" data-element_type=\"widget\" data-e-type=\"widget\" data-widget_type=\"eael-creative-button.default\">\n\t\t\t\t<div class=\"elementor-widget-container\">\n\t\t\t\t\t        <div class=\"eael-creative-button-wrapper\">\n\n            <a class=\"eael-creative-button eael-creative-button--rayen eael-cb-icon-position-\" href=\"https:\/\/canakkale.ktb.gov.tr\" target=\"_blank\" data-text=\"\">\n            \t    \n                <div class=\"creative-button-inner\">\n\n                    \n                    <span class=\"cretive-button-text\">\u00c7ANAKKALE PROVINCIAL DIRECTORATE OF CULTURE AND TOURISM<\/span>\n\n                                    <\/div>\n\t                        <\/a>\n        <\/div>\n        \t\t\t\t<\/div>\n\t\t\t\t<\/div>\n\t\t\t\t\t<\/div>\n\t\t\t\t<\/div>\n\t\t\t\t<\/div>","protected":false},"excerpt":{"rendered":"<p>Oteli Ke\u015ffedin Spordan sanata, e\u011flenceden gastronomiye otel i\u00e7i etkinlikleri ke\u015ffedin. OTEL\u0130 KE\u015eFET E\u011flence Y\u00fczmeden etkinliklere e\u011flence faaliyetleri. Gastronomi Kahvalt\u0131, y\u00f6resel lezzetler, yeni tatlar ve fazlas\u0131. Sa\u011fl\u0131k Fitness&#8217;dan meditasyon oturumlar\u0131na sa\u011fl\u0131k etkinlikleri. \u015eehri Ke\u015ffedin K\u00fclt\u00fcr gezilerinden, e\u011flence mekanlar\u0131na, tarih rotalar\u0131ndan bisiklete kadar \u015fehirden sizi bekleyen maceralar\u0131 ke\u015ffedin. T.C. K\u00fclt\u00fcrTurizm Bakanl\u0131\u011f\u0131&#8217;na ait \u00c7anakkale rotalar\u0131n\u0131 da buradan ke\u015ffedebilirsiniz. [&hellip;]<\/p>\n","protected":false},"author":1,"featured_media":0,"parent":0,"menu_order":0,"comment_status":"closed","ping_status":"closed","template":"tpl-default-elementor.php","meta":{"footnotes":""},"class_list":["post-2524","page","type-page","status-publish","hentry"],"yoast_head":"<!-- This site is optimized with the Yoast SEO Premium plugin v21.3 (Yoast SEO v27.4) - https:\/\/yoast.com\/product\/yoast-seo-premium-wordpress\/ -->\n<title>\u00c7anakkale&#039;de Neler Yap\u0131l\u0131r? Kolin Hotel SPA&amp;Convention Center<\/title>\n<meta name=\"description\" content=\"\u00c7anakkale&#039;de neler yap\u0131l\u0131r? Kolin Hotel \u00c7anakkale i\u015fle \u00c7anakkale gezi rehberi blogu \u015fehirde yapabilece\u011finiz etkinlikleri ke\u015ffedin.\" \/>\n<meta name=\"robots\" content=\"index, follow, max-snippet:-1, max-image-preview:large, max-video-preview:-1\" \/>\n<link rel=\"canonical\" href=\"https:\/\/kolinhotel.com\/en\/neler-yapilir\/\" \/>\n<meta property=\"og:locale\" content=\"en_GB\" \/>\n<meta property=\"og:type\" content=\"article\" \/>\n<meta property=\"og:title\" content=\"Neler Yap\u0131l\u0131r\" \/>\n<meta property=\"og:description\" content=\"\u00c7anakkale&#039;de neler yap\u0131l\u0131r? Kolin Hotel \u00c7anakkale i\u015fle \u00c7anakkale gezi rehberi blogu \u015fehirde yapabilece\u011finiz etkinlikleri ke\u015ffedin.\" \/>\n<meta property=\"og:url\" content=\"https:\/\/kolinhotel.com\/en\/neler-yapilir\/\" \/>\n<meta property=\"og:site_name\" content=\"Kolin Hotel\" \/>\n<meta property=\"article:publisher\" content=\"https:\/\/www.facebook.com\/KolinHotel\/?locale=tr_TR\" \/>\n<meta property=\"article:modified_time\" content=\"2024-04-05T09:00:53+00:00\" \/>\n<meta property=\"og:image\" content=\"https:\/\/kolinhotel.com\/wp-content\/uploads\/tc-kultur-ve-turizm-bakanligi9363-jpg.webp\" \/>\n<meta name=\"twitter:card\" content=\"summary_large_image\" \/>\n<meta name=\"twitter:label1\" content=\"Estimated reading time\" \/>\n\t<meta name=\"twitter:data1\" content=\"1 minute\" \/>\n<script type=\"application\/ld+json\" class=\"yoast-schema-graph\">{\"@context\":\"https:\\\/\\\/schema.org\",\"@graph\":[{\"@type\":\"WebPage\",\"@id\":\"https:\\\/\\\/kolinhotel.com\\\/neler-yapilir\\\/\",\"url\":\"https:\\\/\\\/kolinhotel.com\\\/neler-yapilir\\\/\",\"name\":\"\u00c7anakkale'de Neler Yap\u0131l\u0131r? Kolin Hotel SPA&Convention Center\",\"isPartOf\":{\"@id\":\"https:\\\/\\\/kolinhotel.com\\\/#website\"},\"primaryImageOfPage\":{\"@id\":\"https:\\\/\\\/kolinhotel.com\\\/neler-yapilir\\\/#primaryimage\"},\"image\":{\"@id\":\"https:\\\/\\\/kolinhotel.com\\\/neler-yapilir\\\/#primaryimage\"},\"thumbnailUrl\":\"https:\\\/\\\/kolinhotel.com\\\/wp-content\\\/uploads\\\/tc-kultur-ve-turizm-bakanligi9363-jpg.webp\",\"datePublished\":\"2023-11-12T18:21:45+00:00\",\"dateModified\":\"2024-04-05T09:00:53+00:00\",\"description\":\"\u00c7anakkale'de neler yap\u0131l\u0131r? Kolin Hotel \u00c7anakkale i\u015fle \u00c7anakkale gezi rehberi blogu \u015fehirde yapabilece\u011finiz etkinlikleri ke\u015ffedin.\",\"breadcrumb\":{\"@id\":\"https:\\\/\\\/kolinhotel.com\\\/neler-yapilir\\\/#breadcrumb\"},\"inLanguage\":\"en-GB\",\"potentialAction\":[{\"@type\":\"ReadAction\",\"target\":[\"https:\\\/\\\/kolinhotel.com\\\/neler-yapilir\\\/\"]}]},{\"@type\":\"ImageObject\",\"inLanguage\":\"en-GB\",\"@id\":\"https:\\\/\\\/kolinhotel.com\\\/neler-yapilir\\\/#primaryimage\",\"url\":\"https:\\\/\\\/kolinhotel.com\\\/wp-content\\\/uploads\\\/tc-kultur-ve-turizm-bakanligi9363-jpg.webp\",\"contentUrl\":\"https:\\\/\\\/kolinhotel.com\\\/wp-content\\\/uploads\\\/tc-kultur-ve-turizm-bakanligi9363-jpg.webp\"},{\"@type\":\"BreadcrumbList\",\"@id\":\"https:\\\/\\\/kolinhotel.com\\\/neler-yapilir\\\/#breadcrumb\",\"itemListElement\":[{\"@type\":\"ListItem\",\"position\":1,\"name\":\"Anasayfa\",\"item\":\"https:\\\/\\\/kolinhotel.com\\\/\"},{\"@type\":\"ListItem\",\"position\":2,\"name\":\"Neler Yap\u0131l\u0131r\"}]},{\"@type\":\"WebSite\",\"@id\":\"https:\\\/\\\/kolinhotel.com\\\/#website\",\"url\":\"https:\\\/\\\/kolinhotel.com\\\/\",\"name\":\"Kolin Hotel SPA & Convention Center - \u00c7anakkale\",\"description\":\"SPA&amp; Convention Center\",\"publisher\":{\"@id\":\"https:\\\/\\\/kolinhotel.com\\\/#organization\"},\"potentialAction\":[{\"@type\":\"SearchAction\",\"target\":{\"@type\":\"EntryPoint\",\"urlTemplate\":\"https:\\\/\\\/kolinhotel.com\\\/?s={search_term_string}\"},\"query-input\":{\"@type\":\"PropertyValueSpecification\",\"valueRequired\":true,\"valueName\":\"search_term_string\"}}],\"inLanguage\":\"en-GB\"},{\"@type\":\"Organization\",\"@id\":\"https:\\\/\\\/kolinhotel.com\\\/#organization\",\"name\":\"Kolin Hotel SPA & Convention Center - \u00c7anakkale\",\"url\":\"https:\\\/\\\/kolinhotel.com\\\/\",\"logo\":{\"@type\":\"ImageObject\",\"inLanguage\":\"en-GB\",\"@id\":\"https:\\\/\\\/kolinhotel.com\\\/#\\\/schema\\\/logo\\\/image\\\/\",\"url\":\"https:\\\/\\\/i0.wp.com\\\/kolinhotel.com\\\/wp-content\\\/uploads\\\/cropped-sosyalmedya1.png?fit=512%2C512&ssl=1\",\"contentUrl\":\"https:\\\/\\\/i0.wp.com\\\/kolinhotel.com\\\/wp-content\\\/uploads\\\/cropped-sosyalmedya1.png?fit=512%2C512&ssl=1\",\"width\":512,\"height\":512,\"caption\":\"Kolin Hotel SPA & Convention Center - \u00c7anakkale\"},\"image\":{\"@id\":\"https:\\\/\\\/kolinhotel.com\\\/#\\\/schema\\\/logo\\\/image\\\/\"},\"sameAs\":[\"https:\\\/\\\/www.facebook.com\\\/KolinHotel\\\/?locale=tr_TR\",\"https:\\\/\\\/www.instagram.com\\\/kolinhotel\\\/\"]}]}<\/script>\n<!-- \/ Yoast SEO Premium plugin. -->","yoast_head_json":{"title":"\u00c7anakkale'de Neler Yap\u0131l\u0131r? Kolin Hotel SPA&Convention Center","description":"\u00c7anakkale'de neler yap\u0131l\u0131r? Kolin Hotel \u00c7anakkale i\u015fle \u00c7anakkale gezi rehberi blogu \u015fehirde yapabilece\u011finiz etkinlikleri ke\u015ffedin.","robots":{"index":"index","follow":"follow","max-snippet":"max-snippet:-1","max-image-preview":"max-image-preview:large","max-video-preview":"max-video-preview:-1"},"canonical":"https:\/\/kolinhotel.com\/en\/neler-yapilir\/","og_locale":"en_GB","og_type":"article","og_title":"Neler Yap\u0131l\u0131r","og_description":"\u00c7anakkale'de neler yap\u0131l\u0131r? Kolin Hotel \u00c7anakkale i\u015fle \u00c7anakkale gezi rehberi blogu \u015fehirde yapabilece\u011finiz etkinlikleri ke\u015ffedin.","og_url":"https:\/\/kolinhotel.com\/en\/neler-yapilir\/","og_site_name":"Kolin Hotel","article_publisher":"https:\/\/www.facebook.com\/KolinHotel\/?locale=tr_TR","article_modified_time":"2024-04-05T09:00:53+00:00","og_image":[{"url":"https:\/\/kolinhotel.com\/wp-content\/uploads\/tc-kultur-ve-turizm-bakanligi9363-jpg.webp","type":"","width":"","height":""}],"twitter_card":"summary_large_image","twitter_misc":{"Estimated reading time":"1 minute"},"schema":{"@context":"https:\/\/schema.org","@graph":[{"@type":"WebPage","@id":"https:\/\/kolinhotel.com\/neler-yapilir\/","url":"https:\/\/kolinhotel.com\/neler-yapilir\/","name":"\u00c7anakkale'de Neler Yap\u0131l\u0131r? Kolin Hotel SPA&Convention Center","isPartOf":{"@id":"https:\/\/kolinhotel.com\/#website"},"primaryImageOfPage":{"@id":"https:\/\/kolinhotel.com\/neler-yapilir\/#primaryimage"},"image":{"@id":"https:\/\/kolinhotel.com\/neler-yapilir\/#primaryimage"},"thumbnailUrl":"https:\/\/kolinhotel.com\/wp-content\/uploads\/tc-kultur-ve-turizm-bakanligi9363-jpg.webp","datePublished":"2023-11-12T18:21:45+00:00","dateModified":"2024-04-05T09:00:53+00:00","description":"\u00c7anakkale'de neler yap\u0131l\u0131r? Kolin Hotel \u00c7anakkale i\u015fle \u00c7anakkale gezi rehberi blogu \u015fehirde yapabilece\u011finiz etkinlikleri ke\u015ffedin.","breadcrumb":{"@id":"https:\/\/kolinhotel.com\/neler-yapilir\/#breadcrumb"},"inLanguage":"en-GB","potentialAction":[{"@type":"ReadAction","target":["https:\/\/kolinhotel.com\/neler-yapilir\/"]}]},{"@type":"ImageObject","inLanguage":"en-GB","@id":"https:\/\/kolinhotel.com\/neler-yapilir\/#primaryimage","url":"https:\/\/kolinhotel.com\/wp-content\/uploads\/tc-kultur-ve-turizm-bakanligi9363-jpg.webp","contentUrl":"https:\/\/kolinhotel.com\/wp-content\/uploads\/tc-kultur-ve-turizm-bakanligi9363-jpg.webp"},{"@type":"BreadcrumbList","@id":"https:\/\/kolinhotel.com\/neler-yapilir\/#breadcrumb","itemListElement":[{"@type":"ListItem","position":1,"name":"Anasayfa","item":"https:\/\/kolinhotel.com\/"},{"@type":"ListItem","position":2,"name":"Neler Yap\u0131l\u0131r"}]},{"@type":"WebSite","@id":"https:\/\/kolinhotel.com\/#website","url":"https:\/\/kolinhotel.com\/","name":"Kolin Hotel SPA & Convention Center - \u00c7anakkale","description":"SPA&amp; Convention Center","publisher":{"@id":"https:\/\/kolinhotel.com\/#organization"},"potentialAction":[{"@type":"SearchAction","target":{"@type":"EntryPoint","urlTemplate":"https:\/\/kolinhotel.com\/?s={search_term_string}"},"query-input":{"@type":"PropertyValueSpecification","valueRequired":true,"valueName":"search_term_string"}}],"inLanguage":"en-GB"},{"@type":"Organization","@id":"https:\/\/kolinhotel.com\/#organization","name":"Kolin Hotel SPA & Convention Center - \u00c7anakkale","url":"https:\/\/kolinhotel.com\/","logo":{"@type":"ImageObject","inLanguage":"en-GB","@id":"https:\/\/kolinhotel.com\/#\/schema\/logo\/image\/","url":"https:\/\/i0.wp.com\/kolinhotel.com\/wp-content\/uploads\/cropped-sosyalmedya1.png?fit=512%2C512&ssl=1","contentUrl":"https:\/\/i0.wp.com\/kolinhotel.com\/wp-content\/uploads\/cropped-sosyalmedya1.png?fit=512%2C512&ssl=1","width":512,"height":512,"caption":"Kolin Hotel SPA & Convention Center - \u00c7anakkale"},"image":{"@id":"https:\/\/kolinhotel.com\/#\/schema\/logo\/image\/"},"sameAs":["https:\/\/www.facebook.com\/KolinHotel\/?locale=tr_TR","https:\/\/www.instagram.com\/kolinhotel\/"]}]}},"jetpack_sharing_enabled":true,"_links":{"self":[{"href":"https:\/\/kolinhotel.com\/en\/wp-json\/wp\/v2\/pages\/2524","targetHints":{"allow":["GET"]}}],"collection":[{"href":"https:\/\/kolinhotel.com\/en\/wp-json\/wp\/v2\/pages"}],"about":[{"href":"https:\/\/kolinhotel.com\/en\/wp-json\/wp\/v2\/types\/page"}],"author":[{"embeddable":true,"href":"https:\/\/kolinhotel.com\/en\/wp-json\/wp\/v2\/users\/1"}],"replies":[{"embeddable":true,"href":"https:\/\/kolinhotel.com\/en\/wp-json\/wp\/v2\/comments?post=2524"}],"version-history":[{"count":15,"href":"https:\/\/kolinhotel.com\/en\/wp-json\/wp\/v2\/pages\/2524\/revisions"}],"predecessor-version":[{"id":5199,"href":"https:\/\/kolinhotel.com\/en\/wp-json\/wp\/v2\/pages\/2524\/revisions\/5199"}],"wp:attachment":[{"href":"https:\/\/kolinhotel.com\/en\/wp-json\/wp\/v2\/media?parent=2524"}],"curies":[{"name":"wp","href":"https:\/\/api.w.org\/{rel}","templated":true}]}}