{"id":2690,"date":"2023-11-15T05:48:55","date_gmt":"2023-11-15T05:48:55","guid":{"rendered":"https:\/\/kolinhotel.com\/?page_id=2690"},"modified":"2024-01-01T11:32:08","modified_gmt":"2024-01-01T11:32:08","slug":"odalar-ve-suitler","status":"publish","type":"page","link":"https:\/\/kolinhotel.com\/en\/odalar-ve-suitler\/","title":{"rendered":"Odalar ve Suitler"},"content":{"rendered":"\t\t<div data-elementor-type=\"wp-page\" data-elementor-id=\"2690\" class=\"elementor elementor-2690\">\n\t\t\t\t<div class=\"elementor-element elementor-element-c8e7b89 e-con-full e-flex e-con e-parent\" data-id=\"c8e7b89\" data-element_type=\"container\" data-e-type=\"container\">\n\t\t<div class=\"elementor-element elementor-element-734a6de e-con-full e-flex e-con e-child\" data-id=\"734a6de\" data-element_type=\"container\" data-e-type=\"container\" data-settings=\"{&quot;background_background&quot;:&quot;slideshow&quot;,&quot;background_slideshow_gallery&quot;:[{&quot;id&quot;:2298,&quot;url&quot;:&quot;https:\\\/\\\/kolinhotel.com\\\/wp-content\\\/uploads\\\/2023\\\/02\\\/1.jpg&quot;},{&quot;id&quot;:2299,&quot;url&quot;:&quot;https:\\\/\\\/kolinhotel.com\\\/wp-content\\\/uploads\\\/2023\\\/02\\\/2.jpg&quot;},{&quot;id&quot;:2300,&quot;url&quot;:&quot;https:\\\/\\\/kolinhotel.com\\\/wp-content\\\/uploads\\\/2023\\\/02\\\/3.jpg&quot;}],&quot;background_slideshow_slide_duration&quot;:3000,&quot;background_slideshow_ken_burns&quot;:&quot;yes&quot;,&quot;background_slideshow_loop&quot;:&quot;yes&quot;,&quot;background_slideshow_slide_transition&quot;:&quot;fade&quot;,&quot;background_slideshow_transition_duration&quot;:500,&quot;background_slideshow_ken_burns_zoom_direction&quot;:&quot;in&quot;}\">\n\t\t\t\t<\/div>\n\t\t<div class=\"elementor-element elementor-element-7942c4c e-con-full e-flex elementor-invisible e-con e-child\" data-id=\"7942c4c\" data-element_type=\"container\" data-e-type=\"container\" data-settings=\"{&quot;background_background&quot;:&quot;classic&quot;,&quot;animation&quot;:&quot;fadeInRight&quot;}\">\n\t\t\t\t<div class=\"elementor-element elementor-element-14aff0a elementor-widget elementor-widget-heading\" data-id=\"14aff0a\" data-element_type=\"widget\" data-e-type=\"widget\" data-widget_type=\"heading.default\">\n\t\t\t\t<div class=\"elementor-widget-container\">\n\t\t\t\t\t<h2 class=\"elementor-heading-title elementor-size-default\">DELUXE<\/h2>\t\t\t\t<\/div>\n\t\t\t\t<\/div>\n\t\t\t\t<div class=\"elementor-element elementor-element-fe5a9a2 elementor-widget elementor-widget-heading\" data-id=\"fe5a9a2\" data-element_type=\"widget\" data-e-type=\"widget\" data-widget_type=\"heading.default\">\n\t\t\t\t<div class=\"elementor-widget-container\">\n\t\t\t\t\t<h2 class=\"elementor-heading-title elementor-size-default\">ODALAR VE SU\u0130TLER<\/h2>\t\t\t\t<\/div>\n\t\t\t\t<\/div>\n\t\t\t\t<div class=\"elementor-element elementor-element-8cf213c elementor-invisible elementor-widget elementor-widget-image\" data-id=\"8cf213c\" data-element_type=\"widget\" data-e-type=\"widget\" data-settings=\"{&quot;_animation&quot;:&quot;fadeInUp&quot;}\" data-widget_type=\"image.default\">\n\t\t\t\t<div class=\"elementor-widget-container\">\n\t\t\t\t\t\t\t\t\t\t\t\t\t\t\t<img decoding=\"async\" width=\"250\" height=\"97\" src=\"https:\/\/kolinhotel.com\/wp-content\/uploads\/2023\/02\/logoiconwhite.svg\" class=\"attachment-large size-large wp-image-2774\" alt=\"\" \/>\t\t\t\t\t\t\t\t\t\t\t\t\t\t\t<\/div>\n\t\t\t\t<\/div>\n\t\t\t\t<div class=\"elementor-element elementor-element-5dccfc3 elementor-widget elementor-widget-heading\" data-id=\"5dccfc3\" data-element_type=\"widget\" data-e-type=\"widget\" data-widget_type=\"heading.default\">\n\t\t\t\t<div class=\"elementor-widget-container\">\n\t\t\t\t\t<span class=\"elementor-heading-title elementor-size-default\">Tamamen yeniden tasarlanm\u0131\u015f ve 9 farkl\u0131 oda tipi ile konuklar\u0131na hizmet veriyor. Bu \u00f6zel blok, modern tasar\u0131m\u0131 ve zengin i\u00e7erikleriyle konforu bir \u00fcst seviyeye ta\u015f\u0131yor.<\/span>\t\t\t\t<\/div>\n\t\t\t\t<\/div>\n\t\t\t\t<div class=\"elementor-element elementor-element-aeee54a elementor-widget elementor-widget-eael-creative-button\" data-id=\"aeee54a\" data-element_type=\"widget\" data-e-type=\"widget\" data-widget_type=\"eael-creative-button.default\">\n\t\t\t\t<div class=\"elementor-widget-container\">\n\t\t\t\t\t        <div class=\"eael-creative-button-wrapper\">\n\n            <a class=\"eael-creative-button eael-creative-button--wayra eael-cb-icon-position-left\" href=\"https:\/\/kolinhotel.com\/deluxe-odalar-ve-suitler\/\" data-text=\"\">\n            \t    \n                <div class=\"creative-button-inner\">\n\n                                            <span class=\"eael-creative-button-icon-left\"><svg xmlns=\"http:\/\/www.w3.org\/2000\/svg\" id=\"katman_1\" data-name=\"katman 1\" viewBox=\"0 0 250 97.2\"><defs><style>      .cls-1 {        fill: #fff;        stroke-width: 0px;      }    <\/style><\/defs><path class=\"cls-1\" d=\"m237.63,54.17l-7.17,5.21s-5.13,3.7-13.62,7.49c-17.78,7.95-53.16,17.51-90.43-7.68-42.69-28.86-83.48-19.12-104.01-10.74l-1.99.83,10.71,14.82c21.05-8.11,52.34-12.5,85.33,9.8,21.59,14.59,42.64,19.4,60.99,19.4,19.39,0,35.78-5.36,46.64-10.22,10.36-4.63,16.62-9.19,16.88-9.38l7.14-5.25-10.48-14.29Z\"><\/path><path class=\"cls-1\" d=\"m240.97,37.14l-10.53-14.32c-.5.36-50.31,36.11-104.03-.2-63.97-43.26-123.91-.24-124.51.2l10.53,14.32c.5-.37,50.31-36.11,104.03.2,21.37,14.45,42.29,19.27,60.69,19.27,36.7,0,63.42-19.18,63.82-19.47Z\"><\/path><\/svg><\/span>                    \n                    <span class=\"cretive-button-text\">ODALARI G\u00d6R\u00dcNT\u00dcLE<\/span>\n\n                                    <\/div>\n\t                        <\/a>\n        <\/div>\n        \t\t\t\t<\/div>\n\t\t\t\t<\/div>\n\t\t\t\t<\/div>\n\t\t\t\t<\/div>\n\t\t<div class=\"elementor-element elementor-element-559aaa2 e-con-full e-flex e-con e-parent\" data-id=\"559aaa2\" data-element_type=\"container\" data-e-type=\"container\">\n\t\t<div class=\"elementor-element elementor-element-57f4c0c e-con-full e-flex elementor-invisible e-con e-child\" data-id=\"57f4c0c\" data-element_type=\"container\" data-e-type=\"container\" data-settings=\"{&quot;background_background&quot;:&quot;classic&quot;,&quot;animation&quot;:&quot;fadeInLeft&quot;}\">\n\t\t\t\t<div class=\"elementor-element elementor-element-aef37a7 elementor-widget elementor-widget-heading\" data-id=\"aef37a7\" data-element_type=\"widget\" data-e-type=\"widget\" data-widget_type=\"heading.default\">\n\t\t\t\t<div class=\"elementor-widget-container\">\n\t\t\t\t\t<h2 class=\"elementor-heading-title elementor-size-default\">ADVANTAGE<\/h2>\t\t\t\t<\/div>\n\t\t\t\t<\/div>\n\t\t\t\t<div class=\"elementor-element elementor-element-b1a22e6 elementor-widget elementor-widget-heading\" data-id=\"b1a22e6\" data-element_type=\"widget\" data-e-type=\"widget\" data-widget_type=\"heading.default\">\n\t\t\t\t<div class=\"elementor-widget-container\">\n\t\t\t\t\t<h2 class=\"elementor-heading-title elementor-size-default\">ODALAR VE SU\u0130TLER<\/h2>\t\t\t\t<\/div>\n\t\t\t\t<\/div>\n\t\t\t\t<div class=\"elementor-element elementor-element-431cec3 elementor-invisible elementor-widget elementor-widget-image\" data-id=\"431cec3\" data-element_type=\"widget\" data-e-type=\"widget\" data-settings=\"{&quot;_animation&quot;:&quot;fadeInUp&quot;}\" data-widget_type=\"image.default\">\n\t\t\t\t<div class=\"elementor-widget-container\">\n\t\t\t\t\t\t\t\t\t\t\t\t\t\t\t<img decoding=\"async\" width=\"250\" height=\"97\" src=\"https:\/\/kolinhotel.com\/wp-content\/uploads\/2023\/02\/logoiconwhite.svg\" class=\"attachment-large size-large wp-image-2774\" alt=\"\" \/>\t\t\t\t\t\t\t\t\t\t\t\t\t\t\t<\/div>\n\t\t\t\t<\/div>\n\t\t\t\t<div class=\"elementor-element elementor-element-d783206 elementor-widget elementor-widget-heading\" data-id=\"d783206\" data-element_type=\"widget\" data-e-type=\"widget\" data-widget_type=\"heading.default\">\n\t\t\t\t<div class=\"elementor-widget-container\">\n\t\t\t\t\t<span class=\"elementor-heading-title elementor-size-default\">Her biri minimum 30 metrekarelik geni\u015f ve ferah 6 farkl\u0131 oda tipi aras\u0131ndan se\u00e7im yapma imkan\u0131 tan\u0131yor.<\/span>\t\t\t\t<\/div>\n\t\t\t\t<\/div>\n\t\t\t\t<div class=\"elementor-element elementor-element-ae7a699 elementor-widget elementor-widget-eael-creative-button\" data-id=\"ae7a699\" data-element_type=\"widget\" data-e-type=\"widget\" data-widget_type=\"eael-creative-button.default\">\n\t\t\t\t<div class=\"elementor-widget-container\">\n\t\t\t\t\t        <div class=\"eael-creative-button-wrapper\">\n\n            <a class=\"eael-creative-button eael-creative-button--wayra eael-cb-icon-position-left\" href=\"https:\/\/kolinhotel.com\/advantage-odalar-ve-suitler\/\" data-text=\"\">\n            \t    \n                <div class=\"creative-button-inner\">\n\n                                            <span class=\"eael-creative-button-icon-left\"><svg xmlns=\"http:\/\/www.w3.org\/2000\/svg\" id=\"katman_1\" data-name=\"katman 1\" viewBox=\"0 0 250 97.2\"><defs><style>      .cls-1 {        fill: #fff;        stroke-width: 0px;      }    <\/style><\/defs><path class=\"cls-1\" d=\"m237.63,54.17l-7.17,5.21s-5.13,3.7-13.62,7.49c-17.78,7.95-53.16,17.51-90.43-7.68-42.69-28.86-83.48-19.12-104.01-10.74l-1.99.83,10.71,14.82c21.05-8.11,52.34-12.5,85.33,9.8,21.59,14.59,42.64,19.4,60.99,19.4,19.39,0,35.78-5.36,46.64-10.22,10.36-4.63,16.62-9.19,16.88-9.38l7.14-5.25-10.48-14.29Z\"><\/path><path class=\"cls-1\" d=\"m240.97,37.14l-10.53-14.32c-.5.36-50.31,36.11-104.03-.2-63.97-43.26-123.91-.24-124.51.2l10.53,14.32c.5-.37,50.31-36.11,104.03.2,21.37,14.45,42.29,19.27,60.69,19.27,36.7,0,63.42-19.18,63.82-19.47Z\"><\/path><\/svg><\/span>                    \n                    <span class=\"cretive-button-text\">ODALARI G\u00d6R\u00dcNT\u00dcLE<\/span>\n\n                                    <\/div>\n\t                        <\/a>\n        <\/div>\n        \t\t\t\t<\/div>\n\t\t\t\t<\/div>\n\t\t\t\t<\/div>\n\t\t<div class=\"elementor-element elementor-element-062ac32 e-con-full e-flex e-con e-child\" data-id=\"062ac32\" data-element_type=\"container\" data-e-type=\"container\" data-settings=\"{&quot;background_background&quot;:&quot;slideshow&quot;,&quot;background_slideshow_gallery&quot;:[{&quot;id&quot;:2298,&quot;url&quot;:&quot;https:\\\/\\\/kolinhotel.com\\\/wp-content\\\/uploads\\\/2023\\\/02\\\/1.jpg&quot;},{&quot;id&quot;:2299,&quot;url&quot;:&quot;https:\\\/\\\/kolinhotel.com\\\/wp-content\\\/uploads\\\/2023\\\/02\\\/2.jpg&quot;},{&quot;id&quot;:2300,&quot;url&quot;:&quot;https:\\\/\\\/kolinhotel.com\\\/wp-content\\\/uploads\\\/2023\\\/02\\\/3.jpg&quot;}],&quot;background_slideshow_slide_duration&quot;:3000,&quot;background_slideshow_ken_burns&quot;:&quot;yes&quot;,&quot;background_slideshow_loop&quot;:&quot;yes&quot;,&quot;background_slideshow_slide_transition&quot;:&quot;fade&quot;,&quot;background_slideshow_transition_duration&quot;:500,&quot;background_slideshow_ken_burns_zoom_direction&quot;:&quot;in&quot;}\">\n\t\t\t\t<\/div>\n\t\t\t\t<\/div>\n\t\t<div class=\"elementor-element elementor-element-e352b47 e-flex e-con-boxed e-con e-parent\" data-id=\"e352b47\" data-element_type=\"container\" data-e-type=\"container\">\n\t\t\t\t\t<div class=\"e-con-inner\">\n\t\t\t\t<div class=\"elementor-element elementor-element-5df5592 elementor-widget elementor-widget-heading\" data-id=\"5df5592\" data-element_type=\"widget\" data-e-type=\"widget\" data-widget_type=\"heading.default\">\n\t\t\t\t<div class=\"elementor-widget-container\">\n\t\t\t\t\t<h1 class=\"elementor-heading-title elementor-size-default\"> Hotel \u00c7anakkale 5 Y\u0131ld\u0131zl\u0131<\/h1>\t\t\t\t<\/div>\n\t\t\t\t<\/div>\n\t\t\t\t\t<\/div>\n\t\t\t\t<\/div>\n\t\t\t\t<\/div>\n\t\t","protected":false},"excerpt":{"rendered":"<p>DELUXE ODALAR VE SU\u0130TLER Tamamen yeniden tasarlanm\u0131\u015f ve 9 farkl\u0131 oda tipi ile konuklar\u0131na hizmet veriyor. Bu \u00f6zel blok, modern tasar\u0131m\u0131 ve zengin i\u00e7erikleriyle konforu bir \u00fcst seviyeye ta\u015f\u0131yor. ODALARI G\u00d6R\u00dcNT\u00dcLE ADVANTAGE ODALAR VE SU\u0130TLER Her biri minimum 30 metrekarelik geni\u015f ve ferah 6 farkl\u0131 oda tipi aras\u0131ndan se\u00e7im yapma imkan\u0131 tan\u0131yor. ODALARI G\u00d6R\u00dcNT\u00dcLE Hotel [&hellip;]<\/p>\n","protected":false},"author":1,"featured_media":0,"parent":0,"menu_order":0,"comment_status":"closed","ping_status":"closed","template":"tpl-default-elementor.php","meta":{"footnotes":""},"class_list":["post-2690","page","type-page","status-publish","hentry"],"yoast_head":"<!-- This site is optimized with the Yoast SEO Premium plugin v21.3 (Yoast SEO v27.4) - https:\/\/yoast.com\/product\/yoast-seo-premium-wordpress\/ -->\n<title>Odalar ve Suitler - Kolin Hotel<\/title>\n<meta name=\"description\" content=\"Kolin Hotel \u00c7anakkale 5 Y\u0131ld\u0131zl\u0131 Oda ve Suitleri ile misafirlerine e\u015fsiz bir deneyim sunuyor. 5 Y\u0131ld\u0131zl\u0131 Deluxe ve Advantage oda ve suitler.\" \/>\n<meta name=\"robots\" content=\"index, follow, max-snippet:-1, max-image-preview:large, max-video-preview:-1\" \/>\n<link rel=\"canonical\" href=\"https:\/\/kolinhotel.com\/en\/odalar-ve-suitler\/\" \/>\n<meta property=\"og:locale\" content=\"en_GB\" \/>\n<meta property=\"og:type\" content=\"article\" \/>\n<meta property=\"og:title\" content=\"Odalar ve Suitler\" \/>\n<meta property=\"og:description\" content=\"Kolin Hotel \u00c7anakkale 5 Y\u0131ld\u0131zl\u0131 Oda ve Suitleri ile misafirlerine e\u015fsiz bir deneyim sunuyor. 5 Y\u0131ld\u0131zl\u0131 Deluxe ve Advantage oda ve suitler.\" \/>\n<meta property=\"og:url\" content=\"https:\/\/kolinhotel.com\/en\/odalar-ve-suitler\/\" \/>\n<meta property=\"og:site_name\" content=\"Kolin Hotel\" \/>\n<meta property=\"article:publisher\" content=\"https:\/\/www.facebook.com\/KolinHotel\/?locale=tr_TR\" \/>\n<meta property=\"article:modified_time\" content=\"2024-01-01T11:32:08+00:00\" \/>\n<meta property=\"og:image\" content=\"https:\/\/kolinhotel.com\/wp-content\/uploads\/2023\/02\/logoiconwhite.svg\" \/>\n<meta name=\"twitter:card\" content=\"summary_large_image\" \/>\n<meta name=\"twitter:label1\" content=\"Estimated reading time\" \/>\n\t<meta name=\"twitter:data1\" content=\"1 minute\" \/>\n<script type=\"application\/ld+json\" class=\"yoast-schema-graph\">{\"@context\":\"https:\\\/\\\/schema.org\",\"@graph\":[{\"@type\":\"WebPage\",\"@id\":\"https:\\\/\\\/kolinhotel.com\\\/odalar-ve-suitler\\\/\",\"url\":\"https:\\\/\\\/kolinhotel.com\\\/odalar-ve-suitler\\\/\",\"name\":\"Odalar ve Suitler - Kolin Hotel\",\"isPartOf\":{\"@id\":\"https:\\\/\\\/kolinhotel.com\\\/#website\"},\"primaryImageOfPage\":{\"@id\":\"https:\\\/\\\/kolinhotel.com\\\/odalar-ve-suitler\\\/#primaryimage\"},\"image\":{\"@id\":\"https:\\\/\\\/kolinhotel.com\\\/odalar-ve-suitler\\\/#primaryimage\"},\"thumbnailUrl\":\"https:\\\/\\\/kolinhotel.com\\\/wp-content\\\/uploads\\\/2023\\\/02\\\/logoiconwhite.svg\",\"datePublished\":\"2023-11-15T05:48:55+00:00\",\"dateModified\":\"2024-01-01T11:32:08+00:00\",\"description\":\"Kolin Hotel \u00c7anakkale 5 Y\u0131ld\u0131zl\u0131 Oda ve Suitleri ile misafirlerine e\u015fsiz bir deneyim sunuyor. 5 Y\u0131ld\u0131zl\u0131 Deluxe ve Advantage oda ve suitler.\",\"breadcrumb\":{\"@id\":\"https:\\\/\\\/kolinhotel.com\\\/odalar-ve-suitler\\\/#breadcrumb\"},\"inLanguage\":\"en-GB\",\"potentialAction\":[{\"@type\":\"ReadAction\",\"target\":[\"https:\\\/\\\/kolinhotel.com\\\/odalar-ve-suitler\\\/\"]}]},{\"@type\":\"ImageObject\",\"inLanguage\":\"en-GB\",\"@id\":\"https:\\\/\\\/kolinhotel.com\\\/odalar-ve-suitler\\\/#primaryimage\",\"url\":\"https:\\\/\\\/kolinhotel.com\\\/wp-content\\\/uploads\\\/2023\\\/02\\\/logoiconwhite.svg\",\"contentUrl\":\"https:\\\/\\\/kolinhotel.com\\\/wp-content\\\/uploads\\\/2023\\\/02\\\/logoiconwhite.svg\"},{\"@type\":\"BreadcrumbList\",\"@id\":\"https:\\\/\\\/kolinhotel.com\\\/odalar-ve-suitler\\\/#breadcrumb\",\"itemListElement\":[{\"@type\":\"ListItem\",\"position\":1,\"name\":\"Anasayfa\",\"item\":\"https:\\\/\\\/kolinhotel.com\\\/\"},{\"@type\":\"ListItem\",\"position\":2,\"name\":\"Odalar ve Suitler\"}]},{\"@type\":\"WebSite\",\"@id\":\"https:\\\/\\\/kolinhotel.com\\\/#website\",\"url\":\"https:\\\/\\\/kolinhotel.com\\\/\",\"name\":\"Kolin Hotel SPA & Convention Center - \u00c7anakkale\",\"description\":\"SPA&amp; Convention Center\",\"publisher\":{\"@id\":\"https:\\\/\\\/kolinhotel.com\\\/#organization\"},\"potentialAction\":[{\"@type\":\"SearchAction\",\"target\":{\"@type\":\"EntryPoint\",\"urlTemplate\":\"https:\\\/\\\/kolinhotel.com\\\/?s={search_term_string}\"},\"query-input\":{\"@type\":\"PropertyValueSpecification\",\"valueRequired\":true,\"valueName\":\"search_term_string\"}}],\"inLanguage\":\"en-GB\"},{\"@type\":\"Organization\",\"@id\":\"https:\\\/\\\/kolinhotel.com\\\/#organization\",\"name\":\"Kolin Hotel SPA & Convention Center - \u00c7anakkale\",\"url\":\"https:\\\/\\\/kolinhotel.com\\\/\",\"logo\":{\"@type\":\"ImageObject\",\"inLanguage\":\"en-GB\",\"@id\":\"https:\\\/\\\/kolinhotel.com\\\/#\\\/schema\\\/logo\\\/image\\\/\",\"url\":\"https:\\\/\\\/i0.wp.com\\\/kolinhotel.com\\\/wp-content\\\/uploads\\\/cropped-sosyalmedya1.png?fit=512%2C512&ssl=1\",\"contentUrl\":\"https:\\\/\\\/i0.wp.com\\\/kolinhotel.com\\\/wp-content\\\/uploads\\\/cropped-sosyalmedya1.png?fit=512%2C512&ssl=1\",\"width\":512,\"height\":512,\"caption\":\"Kolin Hotel SPA & Convention Center - \u00c7anakkale\"},\"image\":{\"@id\":\"https:\\\/\\\/kolinhotel.com\\\/#\\\/schema\\\/logo\\\/image\\\/\"},\"sameAs\":[\"https:\\\/\\\/www.facebook.com\\\/KolinHotel\\\/?locale=tr_TR\",\"https:\\\/\\\/www.instagram.com\\\/kolinhotel\\\/\"]}]}<\/script>\n<!-- \/ Yoast SEO Premium plugin. -->","yoast_head_json":{"title":"Odalar ve Suitler - Kolin Hotel","description":"Kolin Hotel \u00c7anakkale 5 Y\u0131ld\u0131zl\u0131 Oda ve Suitleri ile misafirlerine e\u015fsiz bir deneyim sunuyor. 5 Y\u0131ld\u0131zl\u0131 Deluxe ve Advantage oda ve suitler.","robots":{"index":"index","follow":"follow","max-snippet":"max-snippet:-1","max-image-preview":"max-image-preview:large","max-video-preview":"max-video-preview:-1"},"canonical":"https:\/\/kolinhotel.com\/en\/odalar-ve-suitler\/","og_locale":"en_GB","og_type":"article","og_title":"Odalar ve Suitler","og_description":"Kolin Hotel \u00c7anakkale 5 Y\u0131ld\u0131zl\u0131 Oda ve Suitleri ile misafirlerine e\u015fsiz bir deneyim sunuyor. 5 Y\u0131ld\u0131zl\u0131 Deluxe ve Advantage oda ve suitler.","og_url":"https:\/\/kolinhotel.com\/en\/odalar-ve-suitler\/","og_site_name":"Kolin Hotel","article_publisher":"https:\/\/www.facebook.com\/KolinHotel\/?locale=tr_TR","article_modified_time":"2024-01-01T11:32:08+00:00","og_image":[{"url":"https:\/\/kolinhotel.com\/wp-content\/uploads\/2023\/02\/logoiconwhite.svg","type":"","width":"","height":""}],"twitter_card":"summary_large_image","twitter_misc":{"Estimated reading time":"1 minute"},"schema":{"@context":"https:\/\/schema.org","@graph":[{"@type":"WebPage","@id":"https:\/\/kolinhotel.com\/odalar-ve-suitler\/","url":"https:\/\/kolinhotel.com\/odalar-ve-suitler\/","name":"Odalar ve Suitler - Kolin Hotel","isPartOf":{"@id":"https:\/\/kolinhotel.com\/#website"},"primaryImageOfPage":{"@id":"https:\/\/kolinhotel.com\/odalar-ve-suitler\/#primaryimage"},"image":{"@id":"https:\/\/kolinhotel.com\/odalar-ve-suitler\/#primaryimage"},"thumbnailUrl":"https:\/\/kolinhotel.com\/wp-content\/uploads\/2023\/02\/logoiconwhite.svg","datePublished":"2023-11-15T05:48:55+00:00","dateModified":"2024-01-01T11:32:08+00:00","description":"Kolin Hotel \u00c7anakkale 5 Y\u0131ld\u0131zl\u0131 Oda ve Suitleri ile misafirlerine e\u015fsiz bir deneyim sunuyor. 5 Y\u0131ld\u0131zl\u0131 Deluxe ve Advantage oda ve suitler.","breadcrumb":{"@id":"https:\/\/kolinhotel.com\/odalar-ve-suitler\/#breadcrumb"},"inLanguage":"en-GB","potentialAction":[{"@type":"ReadAction","target":["https:\/\/kolinhotel.com\/odalar-ve-suitler\/"]}]},{"@type":"ImageObject","inLanguage":"en-GB","@id":"https:\/\/kolinhotel.com\/odalar-ve-suitler\/#primaryimage","url":"https:\/\/kolinhotel.com\/wp-content\/uploads\/2023\/02\/logoiconwhite.svg","contentUrl":"https:\/\/kolinhotel.com\/wp-content\/uploads\/2023\/02\/logoiconwhite.svg"},{"@type":"BreadcrumbList","@id":"https:\/\/kolinhotel.com\/odalar-ve-suitler\/#breadcrumb","itemListElement":[{"@type":"ListItem","position":1,"name":"Anasayfa","item":"https:\/\/kolinhotel.com\/"},{"@type":"ListItem","position":2,"name":"Odalar ve Suitler"}]},{"@type":"WebSite","@id":"https:\/\/kolinhotel.com\/#website","url":"https:\/\/kolinhotel.com\/","name":"Kolin Hotel SPA & Convention Center - \u00c7anakkale","description":"SPA&amp; Convention Center","publisher":{"@id":"https:\/\/kolinhotel.com\/#organization"},"potentialAction":[{"@type":"SearchAction","target":{"@type":"EntryPoint","urlTemplate":"https:\/\/kolinhotel.com\/?s={search_term_string}"},"query-input":{"@type":"PropertyValueSpecification","valueRequired":true,"valueName":"search_term_string"}}],"inLanguage":"en-GB"},{"@type":"Organization","@id":"https:\/\/kolinhotel.com\/#organization","name":"Kolin Hotel SPA & Convention Center - \u00c7anakkale","url":"https:\/\/kolinhotel.com\/","logo":{"@type":"ImageObject","inLanguage":"en-GB","@id":"https:\/\/kolinhotel.com\/#\/schema\/logo\/image\/","url":"https:\/\/i0.wp.com\/kolinhotel.com\/wp-content\/uploads\/cropped-sosyalmedya1.png?fit=512%2C512&ssl=1","contentUrl":"https:\/\/i0.wp.com\/kolinhotel.com\/wp-content\/uploads\/cropped-sosyalmedya1.png?fit=512%2C512&ssl=1","width":512,"height":512,"caption":"Kolin Hotel SPA & Convention Center - \u00c7anakkale"},"image":{"@id":"https:\/\/kolinhotel.com\/#\/schema\/logo\/image\/"},"sameAs":["https:\/\/www.facebook.com\/KolinHotel\/?locale=tr_TR","https:\/\/www.instagram.com\/kolinhotel\/"]}]}},"jetpack_sharing_enabled":true,"_links":{"self":[{"href":"https:\/\/kolinhotel.com\/en\/wp-json\/wp\/v2\/pages\/2690","targetHints":{"allow":["GET"]}}],"collection":[{"href":"https:\/\/kolinhotel.com\/en\/wp-json\/wp\/v2\/pages"}],"about":[{"href":"https:\/\/kolinhotel.com\/en\/wp-json\/wp\/v2\/types\/page"}],"author":[{"embeddable":true,"href":"https:\/\/kolinhotel.com\/en\/wp-json\/wp\/v2\/users\/1"}],"replies":[{"embeddable":true,"href":"https:\/\/kolinhotel.com\/en\/wp-json\/wp\/v2\/comments?post=2690"}],"version-history":[{"count":0,"href":"https:\/\/kolinhotel.com\/en\/wp-json\/wp\/v2\/pages\/2690\/revisions"}],"wp:attachment":[{"href":"https:\/\/kolinhotel.com\/en\/wp-json\/wp\/v2\/media?parent=2690"}],"curies":[{"name":"wp","href":"https:\/\/api.w.org\/{rel}","templated":true}]}}