{"id":4215,"date":"2023-12-11T08:43:56","date_gmt":"2023-12-11T08:43:56","guid":{"rendered":"https:\/\/kolinhotel.com\/?page_id=4215"},"modified":"2023-12-11T08:47:19","modified_gmt":"2023-12-11T08:47:19","slug":"pool-bar","status":"publish","type":"page","link":"https:\/\/kolinhotel.com\/en\/pool-bar\/","title":{"rendered":"Pool Bar"},"content":{"rendered":"<div data-elementor-type=\"wp-page\" data-elementor-id=\"4215\" class=\"elementor elementor-4215\">\n\t\t\t\t<div class=\"elementor-element elementor-element-f18936a e-con-full e-flex e-con e-parent\" data-id=\"f18936a\" data-element_type=\"container\" data-e-type=\"container\">\n\t\t\t\t<div class=\"elementor-element elementor-element-c4f5364 elementor-widget elementor-widget-prime-slider-general\" data-id=\"c4f5364\" data-element_type=\"widget\" data-e-type=\"widget\" data-widget_type=\"prime-slider-general.default\">\n\t\t\t\t<div class=\"elementor-widget-container\">\n\t\t\t\t\t\t\t<div class=\"bdt-prime-slider\">\n\t\t\t<div class=\"bdt-prime-slider-skin-general\">\n\t\t\t\t<div class=\"bdt-position-relative bdt-visible-toggle\" bdt-slideshow=\"{&quot;animation&quot;:&quot;fade&quot;,&quot;ratio&quot;:&quot;1920:620&quot;,&quot;min-height&quot;:399,&quot;autoplay&quot;:true,&quot;autoplay-interval&quot;:4000,&quot;pause-on-hover&quot;:false,&quot;draggable&quot;:true,&quot;velocity&quot;:1,&quot;finite&quot;:false}\" data-settings=\"{&quot;id&quot;:&quot;#bdt-c4f5364&quot;,&quot;animation_status&quot;:&quot;no&quot;}\" id=\"bdt-c4f5364\">\n\t\t\t\t\t<ul class=\"bdt-slideshow-items\">\n\t\t\t\t\t\t\n\t\t\t<li\n\t\t\t\tclass=\"bdt-slideshow-item bdt-flex bdt-flex-middle bdt-flex-center elementor-repeater-item-023b9c6\">\n\t\t\t\t\t\t\t\t\t<div\n\t\t\t\t\t\tclass=\"bdt-position-cover bdt-animation-kenburns bdt-transform-origin-center-left\">\n\t\t\t\t\t\n\t\t\t\t\t\t\t\t\t\t\t\n\t\t<div class=\"bdt-ps-slide-img\" style=\"background-image: url('https:\/\/kolinhotel.com\/wp-content\/uploads\/Kolimn-Hotel-Canakkale-Pool-Bar2.jpg')\"><\/div>\n\n\t\t\t\t\t\t\t\n\t\t\t\t\t\t\t\t\t\t<\/div>\n\t\t\t\t\n\t\t\t\t\n\t\t\t\t\t\t<div class=\"bdt-prime-slider-wrapper\">\n\t\t\t<div class=\"bdt-prime-slider-content\">\n\t\t\t\t<div class=\"bdt-prime-slider-desc\">\n\n\t\t\t\t\t\n\t\t\t\t\t\n\t\t\t\t\t\n\t\t\t\t\t<div data-bdt-slideshow-parallax=\"x: 150,0,-30; opacity: 1,1,0\">\n\t\t\t\t\t\t<div class=\"bdt-btn-wrapper\">\n\t\t\t\t\t\t\t\t\t\t\t\t\t<\/div>\n\t\t\t\t\t<\/div>\n\t\t\t\t<\/div>\n\n\t\t\t\t\n\t\t\t<\/div>\n\t\t<\/div>\n\t\t\t\t\t<\/li>\n\n\t\t\n\t\t\t<li\n\t\t\t\tclass=\"bdt-slideshow-item bdt-flex bdt-flex-middle bdt-flex-center elementor-repeater-item-1888ad2\">\n\t\t\t\t\t\t\t\t\t<div\n\t\t\t\t\t\tclass=\"bdt-position-cover bdt-animation-kenburns bdt-transform-origin-center-left\">\n\t\t\t\t\t\n\t\t\t\t\t\t\t\t\t\t\t\n\t\t<div class=\"bdt-ps-slide-img\" style=\"background-image: url('https:\/\/kolinhotel.com\/wp-content\/uploads\/Kolimn-Hotel-Canakkale-Pool-Bar1.jpg')\"><\/div>\n\n\t\t\t\t\t\t\t\n\t\t\t\t\t\t\t\t\t\t<\/div>\n\t\t\t\t\n\t\t\t\t\n\t\t\t\t\t\t<div class=\"bdt-prime-slider-wrapper\">\n\t\t\t<div class=\"bdt-prime-slider-content bdt-prime-slider-content\">\n\t\t\t\t<div class=\"bdt-prime-slider-desc\">\n\n\t\t\t\t\t\n\t\t\t\t\t\n\t\t\t\t\t\n\t\t\t\t\t<div data-bdt-slideshow-parallax=\"x: 150,0,-30; opacity: 1,1,0\">\n\t\t\t\t\t\t<div class=\"bdt-btn-wrapper\">\n\t\t\t\t\t\t\t\t\t\t\t\t\t<\/div>\n\t\t\t\t\t<\/div>\n\t\t\t\t<\/div>\n\n\t\t\t\t\n\t\t\t<\/div>\n\t\t<\/div>\n\t\t\t\t\t<\/li>\n\n\t\t\n\t\t\t<li\n\t\t\t\tclass=\"bdt-slideshow-item bdt-flex bdt-flex-middle bdt-flex-center elementor-repeater-item-23f9d70\">\n\t\t\t\t\t\t\t\t\t<div\n\t\t\t\t\t\tclass=\"bdt-position-cover bdt-animation-kenburns bdt-transform-origin-center-left\">\n\t\t\t\t\t\n\t\t\t\t\t\t\t\t\t\t\t\n\t\t<div class=\"bdt-ps-slide-img\" style=\"background-image: url('https:\/\/kolinhotel.com\/wp-content\/uploads\/Kolimn-Hotel-Canakkale-Pool-Bar3.jpg')\"><\/div>\n\n\t\t\t\t\t\t\t\n\t\t\t\t\t\t\t\t\t\t<\/div>\n\t\t\t\t\n\t\t\t\t\n\t\t\t\t\t\t<div class=\"bdt-prime-slider-wrapper\">\n\t\t\t<div class=\"bdt-prime-slider-content bdt-prime-slider-content bdt-prime-slider-content\">\n\t\t\t\t<div class=\"bdt-prime-slider-desc\">\n\n\t\t\t\t\t\n\t\t\t\t\t\n\t\t\t\t\t\n\t\t\t\t\t<div data-bdt-slideshow-parallax=\"x: 150,0,-30; opacity: 1,1,0\">\n\t\t\t\t\t\t<div class=\"bdt-btn-wrapper\">\n\t\t\t\t\t\t\t\t\t\t\t\t\t<\/div>\n\t\t\t\t\t<\/div>\n\t\t\t\t<\/div>\n\n\t\t\t\t\n\t\t\t<\/div>\n\t\t<\/div>\n\t\t\t\t\t<\/li>\n\n\t\t\n\t\t\t\t\t<\/ul>\n\t\t\t\t\t\n\t\t\t\t\t\t\t\t<div class=\"reveal-muted\">\n\t\t\t\t<a class=\"bdt-position-bottom-right bdt-prime-slider-previous\" href=\"#\" bdt-slidenav-previous\n\t\t\t\t\tbdt-slideshow-item=\"previous\"><\/a>\n\t\t\t\t<a class=\"bdt-position-bottom-right bdt-prime-slider-next\" href=\"#\" bdt-slidenav-next bdt-slideshow-item=\"next\"><\/a>\n\t\t\t<\/div>\n\n\t\t\n\t\t\t\t\t\t\t\n\t\t\n\t\t\t\t\t\t<\/div>\n\t\t\t\t\t\t\t\t\t\t\t<\/div>\n\t\t<\/div>\n\t\t\t\t\t\t<\/div>\n\t\t\t\t<\/div>\n\t\t\t\t<\/div>\n\t\t<div class=\"elementor-element elementor-element-e433d97 e-con-full e-flex e-con e-parent\" data-id=\"e433d97\" data-element_type=\"container\" data-e-type=\"container\" data-settings=\"{&quot;background_background&quot;:&quot;classic&quot;}\">\n\t\t<div class=\"elementor-element elementor-element-d8fafa8 e-con-full e-flex e-con e-child\" data-id=\"d8fafa8\" data-element_type=\"container\" data-e-type=\"container\" data-settings=\"{&quot;background_background&quot;:&quot;classic&quot;}\">\n\t\t\t\t<div class=\"elementor-element elementor-element-f1ab210 elementor-widget elementor-widget-heading\" data-id=\"f1ab210\" data-element_type=\"widget\" data-e-type=\"widget\" data-widget_type=\"heading.default\">\n\t\t\t\t<div class=\"elementor-widget-container\">\n\t\t\t\t\t<h2 class=\"elementor-heading-title elementor-size-default\">Pool Bar<\/h2>\t\t\t\t<\/div>\n\t\t\t\t<\/div>\n\t\t\t\t<div class=\"elementor-element elementor-element-701bd83 elementor-invisible elementor-widget elementor-widget-image\" data-id=\"701bd83\" data-element_type=\"widget\" data-e-type=\"widget\" data-settings=\"{&quot;_animation&quot;:&quot;fadeInDown&quot;,&quot;_animation_delay&quot;:0.5}\" data-widget_type=\"image.default\">\n\t\t\t\t<div class=\"elementor-widget-container\">\n\t\t\t\t\t\t\t\t\t\t\t\t\t\t\t<img decoding=\"async\" width=\"250\" height=\"97\" src=\"https:\/\/kolinhotel.com\/wp-content\/uploads\/2023\/02\/logoicon.svg\" class=\"attachment-large size-large wp-image-2723\" alt=\"\" \/>\t\t\t\t\t\t\t\t\t\t\t\t\t\t\t<\/div>\n\t\t\t\t<\/div>\n\t\t\t\t<\/div>\n\t\t\t\t<\/div>\n\t\t<div class=\"elementor-element elementor-element-2adbdc0 e-flex e-con-boxed e-con e-parent\" data-id=\"2adbdc0\" data-element_type=\"container\" data-e-type=\"container\">\n\t\t\t\t\t<div class=\"e-con-inner\">\n\t\t<div class=\"elementor-element elementor-element-d0228ea e-flex e-con-boxed e-con e-child\" data-id=\"d0228ea\" data-element_type=\"container\" data-e-type=\"container\">\n\t\t\t\t\t<div class=\"e-con-inner\">\n\t\t\t\t<div class=\"elementor-element elementor-element-d2d102d elementor-widget elementor-widget-text-editor\" data-id=\"d2d102d\" data-element_type=\"widget\" data-e-type=\"widget\" data-widget_type=\"text-editor.default\">\n\t\t\t\t<div class=\"elementor-widget-container\">\n\t\t\t\t\t\t\t\t\tPool Bar is located right next to our charming outdoor pool. It is the perfect opportunity to cool off while enjoying the warm weather and sun. While sunbathing by the pool or enjoying the water, the refreshing drinks and light snacks of the Pool Bar will be with you.\t\t\t\t\t\t\t\t<\/div>\n\t\t\t\t<\/div>\n\t\t\t\t\t<\/div>\n\t\t\t\t<\/div>\n\t\t\t\t\t<\/div>\n\t\t\t\t<\/div>\n\t\t<div class=\"elementor-element elementor-element-a1efa26 e-con-full e-flex e-con e-parent\" data-id=\"a1efa26\" data-element_type=\"container\" data-e-type=\"container\">\n\t\t\t\t<div class=\"elementor-element elementor-element-bcdca5f elementor-arrows-position-inside elementor-widget elementor-widget-image-carousel\" data-id=\"bcdca5f\" data-element_type=\"widget\" data-e-type=\"widget\" data-settings=\"{&quot;navigation&quot;:&quot;arrows&quot;,&quot;autoplay_speed&quot;:2000,&quot;autoplay&quot;:&quot;yes&quot;,&quot;pause_on_hover&quot;:&quot;yes&quot;,&quot;pause_on_interaction&quot;:&quot;yes&quot;,&quot;infinite&quot;:&quot;yes&quot;,&quot;speed&quot;:500}\" data-widget_type=\"image-carousel.default\">\n\t\t\t\t<div class=\"elementor-widget-container\">\n\t\t\t\t\t\t\t<div class=\"elementor-image-carousel-wrapper swiper\" role=\"region\" aria-roledescription=\"carousel\" aria-label=\"Resim D\u00f6ng\u00fcs\u00fc\" dir=\"ltr\">\n\t\t\t<div class=\"elementor-image-carousel swiper-wrapper\" aria-live=\"off\">\n\t\t\t\t\t\t\t\t<div class=\"swiper-slide\" role=\"group\" aria-roledescription=\"slide\" aria-label=\"1 \/ 3\"><a data-elementor-open-lightbox=\"yes\" data-elementor-lightbox-slideshow=\"bcdca5f\" data-elementor-lightbox-title=\"Kolimn Hotel C\u0327anakkale Pool Bar1\" data-e-action-hash=\"#elementor-action%3Aaction%3Dlightbox%26settings%3DeyJpZCI6NDIxNywidXJsIjoiaHR0cHM6XC9cL2tvbGluaG90ZWwuY29tXC93cC1jb250ZW50XC91cGxvYWRzXC9Lb2xpbW4tSG90ZWwtQ2FuYWtrYWxlLVBvb2wtQmFyMS5qcGciLCJzbGlkZXNob3ciOiJiY2RjYTVmIn0%3D\" href=\"https:\/\/kolinhotel.com\/wp-content\/uploads\/Kolimn-Hotel-Canakkale-Pool-Bar1.jpg\"><figure class=\"swiper-slide-inner\"><img decoding=\"async\" class=\"swiper-slide-image\" src=\"https:\/\/kolinhotel.com\/wp-content\/uploads\/elementor\/thumbs\/Kolimn-Hotel-Canakkale-Pool-Bar1-qgnaotlu63is8i2bh76k83yeaqbjal2dv28jolu60k.jpg\" alt=\"Kolimn Hotel C\u0327anakkale Pool Bar1\" \/><\/figure><\/a><\/div><div class=\"swiper-slide\" role=\"group\" aria-roledescription=\"slide\" aria-label=\"2 \/ 3\"><a data-elementor-open-lightbox=\"yes\" data-elementor-lightbox-slideshow=\"bcdca5f\" data-elementor-lightbox-title=\"Kolimn Hotel C\u0327anakkale Pool Bar3\" data-e-action-hash=\"#elementor-action%3Aaction%3Dlightbox%26settings%3DeyJpZCI6NDIxOSwidXJsIjoiaHR0cHM6XC9cL2tvbGluaG90ZWwuY29tXC93cC1jb250ZW50XC91cGxvYWRzXC9Lb2xpbW4tSG90ZWwtQ2FuYWtrYWxlLVBvb2wtQmFyMy5qcGciLCJzbGlkZXNob3ciOiJiY2RjYTVmIn0%3D\" href=\"https:\/\/kolinhotel.com\/wp-content\/uploads\/Kolimn-Hotel-Canakkale-Pool-Bar3.jpg\"><figure class=\"swiper-slide-inner\"><img decoding=\"async\" class=\"swiper-slide-image\" src=\"https:\/\/kolinhotel.com\/wp-content\/uploads\/elementor\/thumbs\/Kolimn-Hotel-Canakkale-Pool-Bar3-qgnap8n97g3de9gh1dolc05rsw9epqq394obd17v90.jpg\" alt=\"Kolimn Hotel C\u0327anakkale Pool Bar3\" \/><\/figure><\/a><\/div><div class=\"swiper-slide\" role=\"group\" aria-roledescription=\"slide\" aria-label=\"3 \/ 3\"><a data-elementor-open-lightbox=\"yes\" data-elementor-lightbox-slideshow=\"bcdca5f\" data-elementor-lightbox-title=\"Kolimn Hotel C\u0327anakkale Pool Bar2\" data-e-action-hash=\"#elementor-action%3Aaction%3Dlightbox%26settings%3DeyJpZCI6NDIxOCwidXJsIjoiaHR0cHM6XC9cL2tvbGluaG90ZWwuY29tXC93cC1jb250ZW50XC91cGxvYWRzXC9Lb2xpbW4tSG90ZWwtQ2FuYWtrYWxlLVBvb2wtQmFyMi5qcGciLCJzbGlkZXNob3ciOiJiY2RjYTVmIn0%3D\" href=\"https:\/\/kolinhotel.com\/wp-content\/uploads\/Kolimn-Hotel-Canakkale-Pool-Bar2.jpg\"><figure class=\"swiper-slide-inner\"><img decoding=\"async\" class=\"swiper-slide-image\" src=\"https:\/\/kolinhotel.com\/wp-content\/uploads\/elementor\/thumbs\/Kolimn-Hotel-Canakkale-Pool-Bar2-qgnap3082fvnglonyb8tx1l08l17fk3p8crehdg8ac.jpg\" alt=\"Kolimn Hotel C\u0327anakkale Pool Bar2\" \/><\/figure><\/a><\/div>\t\t\t<\/div>\n\t\t\t\t\t\t\t\t\t\t\t\t<div class=\"elementor-swiper-button elementor-swiper-button-prev\" role=\"button\" tabindex=\"0\">\n\t\t\t\t\t\t<svg aria-hidden=\"true\" class=\"e-font-icon-svg e-eicon-chevron-left\" viewbox=\"0 0 1000 1000\" xmlns=\"http:\/\/www.w3.org\/2000\/svg\"><path d=\"M646 125C629 125 613 133 604 142L308 442C296 454 292 471 292 487 292 504 296 521 308 533L604 854C617 867 629 875 646 875 663 875 679 871 692 858 704 846 713 829 713 812 713 796 708 779 692 767L438 487 692 225C700 217 708 204 708 187 708 171 704 154 692 142 675 129 663 125 646 125Z\"><\/path><\/svg>\t\t\t\t\t<\/div>\n\t\t\t\t\t<div class=\"elementor-swiper-button elementor-swiper-button-next\" role=\"button\" tabindex=\"0\">\n\t\t\t\t\t\t<svg aria-hidden=\"true\" class=\"e-font-icon-svg e-eicon-chevron-right\" viewbox=\"0 0 1000 1000\" xmlns=\"http:\/\/www.w3.org\/2000\/svg\"><path d=\"M696 533C708 521 713 504 713 487 713 471 708 454 696 446L400 146C388 133 375 125 354 125 338 125 325 129 313 142 300 154 292 171 292 187 292 204 296 221 308 233L563 492 304 771C292 783 288 800 288 817 288 833 296 850 308 863 321 871 338 875 354 875 371 875 388 867 400 854L696 533Z\"><\/path><\/svg>\t\t\t\t\t<\/div>\n\t\t\t\t\n\t\t\t\t\t\t\t\t\t<\/div>\n\t\t\t\t\t\t<\/div>\n\t\t\t\t<\/div>\n\t\t\t\t<\/div>\n\t\t\t\t<\/div>","protected":false},"excerpt":{"rendered":"<p>Pool Bar Pool Bar, b\u00fcy\u00fcleyici a\u00e7\u0131k havuzumuzun hemen yan\u0131nda yer al\u0131r. S\u0131cak hava ve g\u00fcne\u015fin tad\u0131n\u0131 \u00e7\u0131kart\u0131rken serinlemek i\u00e7in m\u00fckemmel bir f\u0131rsatt\u0131r. Havuz kenar\u0131nda g\u00fcne\u015flenirken veya suyun keyfini \u00e7\u0131kar\u0131rken, Pool Bar&#8217;\u0131n ferahlat\u0131c\u0131 i\u00e7ecekleri ve hafif at\u0131\u015ft\u0131rmal\u0131klar\u0131 sizinle olacak.<\/p>","protected":false},"author":1,"featured_media":0,"parent":0,"menu_order":0,"comment_status":"closed","ping_status":"closed","template":"tpl-default-elementor.php","meta":{"footnotes":""},"class_list":["post-4215","page","type-page","status-publish","hentry"],"yoast_head":"<!-- This site is optimized with the Yoast SEO Premium plugin v21.3 (Yoast SEO v27.4) - https:\/\/yoast.com\/product\/yoast-seo-premium-wordpress\/ -->\n<title>Pool Bar - Kolin Hotel<\/title>\n<meta name=\"robots\" content=\"index, follow, max-snippet:-1, max-image-preview:large, max-video-preview:-1\" \/>\n<link rel=\"canonical\" href=\"https:\/\/kolinhotel.com\/en\/pool-bar\/\" \/>\n<meta property=\"og:locale\" content=\"en_GB\" \/>\n<meta property=\"og:type\" content=\"article\" \/>\n<meta property=\"og:title\" content=\"Pool Bar\" \/>\n<meta property=\"og:description\" content=\"Pool Bar Pool Bar, b\u00fcy\u00fcleyici a\u00e7\u0131k havuzumuzun hemen yan\u0131nda yer al\u0131r. S\u0131cak hava ve g\u00fcne\u015fin tad\u0131n\u0131 \u00e7\u0131kart\u0131rken serinlemek i\u00e7in m\u00fckemmel bir f\u0131rsatt\u0131r. Havuz kenar\u0131nda g\u00fcne\u015flenirken veya suyun keyfini \u00e7\u0131kar\u0131rken, Pool Bar&#8217;\u0131n ferahlat\u0131c\u0131 i\u00e7ecekleri ve hafif at\u0131\u015ft\u0131rmal\u0131klar\u0131 sizinle olacak.\" \/>\n<meta property=\"og:url\" content=\"https:\/\/kolinhotel.com\/en\/pool-bar\/\" \/>\n<meta property=\"og:site_name\" content=\"Kolin Hotel\" \/>\n<meta property=\"article:publisher\" content=\"https:\/\/www.facebook.com\/KolinHotel\/?locale=tr_TR\" \/>\n<meta property=\"article:modified_time\" content=\"2023-12-11T08:47:19+00:00\" \/>\n<meta property=\"og:image\" content=\"https:\/\/kolinhotel.com\/wp-content\/uploads\/2023\/02\/logoicon.svg\" \/>\n<meta name=\"twitter:card\" content=\"summary_large_image\" \/>\n<script type=\"application\/ld+json\" class=\"yoast-schema-graph\">{\"@context\":\"https:\\\/\\\/schema.org\",\"@graph\":[{\"@type\":\"WebPage\",\"@id\":\"https:\\\/\\\/kolinhotel.com\\\/pool-bar\\\/\",\"url\":\"https:\\\/\\\/kolinhotel.com\\\/pool-bar\\\/\",\"name\":\"Pool Bar - Kolin Hotel\",\"isPartOf\":{\"@id\":\"https:\\\/\\\/kolinhotel.com\\\/#website\"},\"primaryImageOfPage\":{\"@id\":\"https:\\\/\\\/kolinhotel.com\\\/pool-bar\\\/#primaryimage\"},\"image\":{\"@id\":\"https:\\\/\\\/kolinhotel.com\\\/pool-bar\\\/#primaryimage\"},\"thumbnailUrl\":\"https:\\\/\\\/kolinhotel.com\\\/wp-content\\\/uploads\\\/2023\\\/02\\\/logoicon.svg\",\"datePublished\":\"2023-12-11T08:43:56+00:00\",\"dateModified\":\"2023-12-11T08:47:19+00:00\",\"breadcrumb\":{\"@id\":\"https:\\\/\\\/kolinhotel.com\\\/pool-bar\\\/#breadcrumb\"},\"inLanguage\":\"en-GB\",\"potentialAction\":[{\"@type\":\"ReadAction\",\"target\":[\"https:\\\/\\\/kolinhotel.com\\\/pool-bar\\\/\"]}]},{\"@type\":\"ImageObject\",\"inLanguage\":\"en-GB\",\"@id\":\"https:\\\/\\\/kolinhotel.com\\\/pool-bar\\\/#primaryimage\",\"url\":\"https:\\\/\\\/kolinhotel.com\\\/wp-content\\\/uploads\\\/2023\\\/02\\\/logoicon.svg\",\"contentUrl\":\"https:\\\/\\\/kolinhotel.com\\\/wp-content\\\/uploads\\\/2023\\\/02\\\/logoicon.svg\"},{\"@type\":\"BreadcrumbList\",\"@id\":\"https:\\\/\\\/kolinhotel.com\\\/pool-bar\\\/#breadcrumb\",\"itemListElement\":[{\"@type\":\"ListItem\",\"position\":1,\"name\":\"Anasayfa\",\"item\":\"https:\\\/\\\/kolinhotel.com\\\/\"},{\"@type\":\"ListItem\",\"position\":2,\"name\":\"Pool Bar\"}]},{\"@type\":\"WebSite\",\"@id\":\"https:\\\/\\\/kolinhotel.com\\\/#website\",\"url\":\"https:\\\/\\\/kolinhotel.com\\\/\",\"name\":\"Kolin Hotel SPA & Convention Center - \u00c7anakkale\",\"description\":\"SPA&amp; Convention Center\",\"publisher\":{\"@id\":\"https:\\\/\\\/kolinhotel.com\\\/#organization\"},\"potentialAction\":[{\"@type\":\"SearchAction\",\"target\":{\"@type\":\"EntryPoint\",\"urlTemplate\":\"https:\\\/\\\/kolinhotel.com\\\/?s={search_term_string}\"},\"query-input\":{\"@type\":\"PropertyValueSpecification\",\"valueRequired\":true,\"valueName\":\"search_term_string\"}}],\"inLanguage\":\"en-GB\"},{\"@type\":\"Organization\",\"@id\":\"https:\\\/\\\/kolinhotel.com\\\/#organization\",\"name\":\"Kolin Hotel SPA & Convention Center - \u00c7anakkale\",\"url\":\"https:\\\/\\\/kolinhotel.com\\\/\",\"logo\":{\"@type\":\"ImageObject\",\"inLanguage\":\"en-GB\",\"@id\":\"https:\\\/\\\/kolinhotel.com\\\/#\\\/schema\\\/logo\\\/image\\\/\",\"url\":\"https:\\\/\\\/i0.wp.com\\\/kolinhotel.com\\\/wp-content\\\/uploads\\\/cropped-sosyalmedya1.png?fit=512%2C512&ssl=1\",\"contentUrl\":\"https:\\\/\\\/i0.wp.com\\\/kolinhotel.com\\\/wp-content\\\/uploads\\\/cropped-sosyalmedya1.png?fit=512%2C512&ssl=1\",\"width\":512,\"height\":512,\"caption\":\"Kolin Hotel SPA & Convention Center - \u00c7anakkale\"},\"image\":{\"@id\":\"https:\\\/\\\/kolinhotel.com\\\/#\\\/schema\\\/logo\\\/image\\\/\"},\"sameAs\":[\"https:\\\/\\\/www.facebook.com\\\/KolinHotel\\\/?locale=tr_TR\",\"https:\\\/\\\/www.instagram.com\\\/kolinhotel\\\/\"]}]}<\/script>\n<!-- \/ Yoast SEO Premium plugin. -->","yoast_head_json":{"title":"Pool Bar - Kolin Hotel","robots":{"index":"index","follow":"follow","max-snippet":"max-snippet:-1","max-image-preview":"max-image-preview:large","max-video-preview":"max-video-preview:-1"},"canonical":"https:\/\/kolinhotel.com\/en\/pool-bar\/","og_locale":"en_GB","og_type":"article","og_title":"Pool Bar","og_description":"Pool Bar Pool Bar, b\u00fcy\u00fcleyici a\u00e7\u0131k havuzumuzun hemen yan\u0131nda yer al\u0131r. S\u0131cak hava ve g\u00fcne\u015fin tad\u0131n\u0131 \u00e7\u0131kart\u0131rken serinlemek i\u00e7in m\u00fckemmel bir f\u0131rsatt\u0131r. Havuz kenar\u0131nda g\u00fcne\u015flenirken veya suyun keyfini \u00e7\u0131kar\u0131rken, Pool Bar&#8217;\u0131n ferahlat\u0131c\u0131 i\u00e7ecekleri ve hafif at\u0131\u015ft\u0131rmal\u0131klar\u0131 sizinle olacak.","og_url":"https:\/\/kolinhotel.com\/en\/pool-bar\/","og_site_name":"Kolin Hotel","article_publisher":"https:\/\/www.facebook.com\/KolinHotel\/?locale=tr_TR","article_modified_time":"2023-12-11T08:47:19+00:00","og_image":[{"url":"https:\/\/kolinhotel.com\/wp-content\/uploads\/2023\/02\/logoicon.svg","type":"","width":"","height":""}],"twitter_card":"summary_large_image","schema":{"@context":"https:\/\/schema.org","@graph":[{"@type":"WebPage","@id":"https:\/\/kolinhotel.com\/pool-bar\/","url":"https:\/\/kolinhotel.com\/pool-bar\/","name":"Pool Bar - Kolin Hotel","isPartOf":{"@id":"https:\/\/kolinhotel.com\/#website"},"primaryImageOfPage":{"@id":"https:\/\/kolinhotel.com\/pool-bar\/#primaryimage"},"image":{"@id":"https:\/\/kolinhotel.com\/pool-bar\/#primaryimage"},"thumbnailUrl":"https:\/\/kolinhotel.com\/wp-content\/uploads\/2023\/02\/logoicon.svg","datePublished":"2023-12-11T08:43:56+00:00","dateModified":"2023-12-11T08:47:19+00:00","breadcrumb":{"@id":"https:\/\/kolinhotel.com\/pool-bar\/#breadcrumb"},"inLanguage":"en-GB","potentialAction":[{"@type":"ReadAction","target":["https:\/\/kolinhotel.com\/pool-bar\/"]}]},{"@type":"ImageObject","inLanguage":"en-GB","@id":"https:\/\/kolinhotel.com\/pool-bar\/#primaryimage","url":"https:\/\/kolinhotel.com\/wp-content\/uploads\/2023\/02\/logoicon.svg","contentUrl":"https:\/\/kolinhotel.com\/wp-content\/uploads\/2023\/02\/logoicon.svg"},{"@type":"BreadcrumbList","@id":"https:\/\/kolinhotel.com\/pool-bar\/#breadcrumb","itemListElement":[{"@type":"ListItem","position":1,"name":"Anasayfa","item":"https:\/\/kolinhotel.com\/"},{"@type":"ListItem","position":2,"name":"Pool Bar"}]},{"@type":"WebSite","@id":"https:\/\/kolinhotel.com\/#website","url":"https:\/\/kolinhotel.com\/","name":"Kolin Hotel SPA & Convention Center - \u00c7anakkale","description":"SPA&amp; Convention Center","publisher":{"@id":"https:\/\/kolinhotel.com\/#organization"},"potentialAction":[{"@type":"SearchAction","target":{"@type":"EntryPoint","urlTemplate":"https:\/\/kolinhotel.com\/?s={search_term_string}"},"query-input":{"@type":"PropertyValueSpecification","valueRequired":true,"valueName":"search_term_string"}}],"inLanguage":"en-GB"},{"@type":"Organization","@id":"https:\/\/kolinhotel.com\/#organization","name":"Kolin Hotel SPA & Convention Center - \u00c7anakkale","url":"https:\/\/kolinhotel.com\/","logo":{"@type":"ImageObject","inLanguage":"en-GB","@id":"https:\/\/kolinhotel.com\/#\/schema\/logo\/image\/","url":"https:\/\/i0.wp.com\/kolinhotel.com\/wp-content\/uploads\/cropped-sosyalmedya1.png?fit=512%2C512&ssl=1","contentUrl":"https:\/\/i0.wp.com\/kolinhotel.com\/wp-content\/uploads\/cropped-sosyalmedya1.png?fit=512%2C512&ssl=1","width":512,"height":512,"caption":"Kolin Hotel SPA & Convention Center - \u00c7anakkale"},"image":{"@id":"https:\/\/kolinhotel.com\/#\/schema\/logo\/image\/"},"sameAs":["https:\/\/www.facebook.com\/KolinHotel\/?locale=tr_TR","https:\/\/www.instagram.com\/kolinhotel\/"]}]}},"jetpack_sharing_enabled":true,"_links":{"self":[{"href":"https:\/\/kolinhotel.com\/en\/wp-json\/wp\/v2\/pages\/4215","targetHints":{"allow":["GET"]}}],"collection":[{"href":"https:\/\/kolinhotel.com\/en\/wp-json\/wp\/v2\/pages"}],"about":[{"href":"https:\/\/kolinhotel.com\/en\/wp-json\/wp\/v2\/types\/page"}],"author":[{"embeddable":true,"href":"https:\/\/kolinhotel.com\/en\/wp-json\/wp\/v2\/users\/1"}],"replies":[{"embeddable":true,"href":"https:\/\/kolinhotel.com\/en\/wp-json\/wp\/v2\/comments?post=4215"}],"version-history":[{"count":0,"href":"https:\/\/kolinhotel.com\/en\/wp-json\/wp\/v2\/pages\/4215\/revisions"}],"wp:attachment":[{"href":"https:\/\/kolinhotel.com\/en\/wp-json\/wp\/v2\/media?parent=4215"}],"curies":[{"name":"wp","href":"https:\/\/api.w.org\/{rel}","templated":true}]}}