{"id":4472,"date":"2023-12-29T09:46:38","date_gmt":"2023-12-29T09:46:38","guid":{"rendered":"https:\/\/kolinhotel.com\/?page_id=4472"},"modified":"2023-12-29T09:47:55","modified_gmt":"2023-12-29T09:47:55","slug":"acik-riza-metni","status":"publish","type":"page","link":"https:\/\/kolinhotel.com\/en\/acik-riza-metni\/","title":{"rendered":"Open Consent Text"},"content":{"rendered":"<div data-elementor-type=\"wp-page\" data-elementor-id=\"4472\" class=\"elementor elementor-4472\">\n\t\t\t\t<div class=\"elementor-element elementor-element-2adbdc0 e-flex e-con-boxed e-con e-parent\" data-id=\"2adbdc0\" data-element_type=\"container\" data-e-type=\"container\">\n\t\t\t\t\t<div class=\"e-con-inner\">\n\t\t<div class=\"elementor-element elementor-element-d0228ea e-flex e-con-boxed e-con e-child\" data-id=\"d0228ea\" data-element_type=\"container\" data-e-type=\"container\">\n\t\t\t\t\t<div class=\"e-con-inner\">\n\t\t\t\t<div class=\"elementor-element elementor-element-29c4a65 elementor-widget elementor-widget-heading\" data-id=\"29c4a65\" data-element_type=\"widget\" data-e-type=\"widget\" data-widget_type=\"heading.default\">\n\t\t\t\t<div class=\"elementor-widget-container\">\n\t\t\t\t\t<h2 class=\"elementor-heading-title elementor-size-default\">Open Consent Text<\/h2>\t\t\t\t<\/div>\n\t\t\t\t<\/div>\n\t\t\t\t<div class=\"elementor-element elementor-element-d8f6c9e elementor-widget elementor-widget-text-editor\" data-id=\"d8f6c9e\" data-element_type=\"widget\" data-e-type=\"widget\" data-widget_type=\"text-editor.default\">\n\t\t\t\t<div class=\"elementor-widget-container\">\n\t\t\t\t\t\t\t\t\t<h5 class=\"p1\"><strong>Ki\u015fisel Verilerin Korunmas\u0131 Mevzuat\u0131 Uyar\u0131nca<\/strong><\/h5><h5 class=\"p1\"><strong>M\u00fc\u015fteri A\u00e7\u0131k R\u0131za Metni<\/strong><\/h5><p class=\"p1\">\u00a0<\/p><p class=\"p1\">Koltur Seyahat Acental\u0131\u011f\u0131 Turizm Ticaret Anonim \u015eirketi (\u201c<strong>Koltur<\/strong>\u201d veya \u201c<strong>\u015eirket<\/strong>\u201d) olarak 6698 say\u0131l\u0131 Ki\u015fisel Verilerin Korunmas\u0131 Kanunu kapsam\u0131nda istisnaya giren (\u00f6rne\u011fin kanunlarda \u00f6ng\u00f6r\u00fclmesi veya s\u00f6zle\u015fmenin ifas\u0131 i\u00e7in gerekli olmas\u0131) haller haricinde ki\u015fisel verilerinizin i\u015flenmesi kapsam\u0131nda a\u015fa\u011f\u0131daki hususlara ili\u015fkin a\u00e7\u0131k r\u0131zan\u0131z\u0131 talep ediyoruz:<span class=\"Apple-converted-space\">\u00a0<\/span><\/p><p class=\"p1\">Kimlik ve ileti\u015fim verilerimin konaklama al\u0131\u015fkanl\u0131klar\u0131m\u0131n analiz edilmesi, taraf\u0131ma genel ve \u00f6zel teklifler sunulmas\u0131, tan\u0131t\u0131m, reklam, kampanya, \u00e7ekili\u015f, promosyon, yar\u0131\u015fma, hediye, kutlama, bilgilendirme, ileti\u015fim faaliyetlerinin y\u00fcr\u00fct\u00fclmesi, g\u00f6rsel\/i\u015fitsel verilerimin otel i\u00e7erisinde video ve\/veya foto\u011fraf \u00e7ekimi yap\u0131lmas\u0131 durumunda sosyal medya platformlar\u0131 ya da bas\u0131n kanallar\u0131 \u00fczerinden \u015eirket\u2019in tan\u0131t\u0131m\u0131n\u0131n yap\u0131lmas\u0131 amac\u0131yla i\u015flenmesine ve yay\u0131nlanmas\u0131na, \u015eirket taraf\u0131ndan sunulan hizmetlere ili\u015fkin olarak de\u011fi\u015fkenlik g\u00f6sterebilmekle beraber \u015eirket ile payla\u015ft\u0131\u011f\u0131m \u015fahs\u0131m\u0131n ve yasal temsilcisi bulundu\u011fum \u00e7ocuklar\u0131m\u0131n sa\u011fl\u0131k verilerinin (\u00f6rne\u011fin alerji bilgisi, kronik hastal\u0131klar vb.), kimlik belgesi payla\u015fmam halinde \u015fahs\u0131m\u0131n veya yasal temsilcisi bulundu\u011fum \u00e7ocuklar\u0131m\u0131n kimlikleri \u00fczerinde bulunan \u0131rk\/din veya kan grubu verilerinin, \u015eirket taraf\u0131ndan hizmetlerin sunulabilmesi, geli\u015ftirilebilmesi ve y\u00fcr\u00fct\u00fclmesi amac\u0131yla i\u015flenmesine ve gerekli kurum ve kurulu\u015flara aktar\u0131lmas\u0131na ve maliyet payla\u015f\u0131m\u0131 ve hizmetlerinden yararlan\u0131lmas\u0131 amac\u0131yla ki\u015fisel verilerimin \u015eirketin ba\u011fl\u0131 bulundu\u011fu Kolin Holding ve holding b\u00fcnyesinde bulunan grup \u015firketlerine ve onlarla ortak kullan\u0131lan veri tabanlar\u0131na aktar\u0131lmas\u0131na a\u00e7\u0131k r\u0131za g\u00f6sterdi\u011fimi beyan ediyorum.<\/p><p class=\"p2\">\u00a0<\/p><p class=\"p3\">Koltur taraf\u0131ndan Ayd\u0131nlatma Metni ile bilgilendirildi\u011fimi, s\u00f6z konusu hususlara bilerek ve isteyerek r\u0131za g\u00f6sterdi\u011fimi beyan ederim.<\/p><p class=\"p4\">\u00a0<\/p><p class=\"p1\"><strong>Ad Soyad<\/strong>:<span class=\"Apple-converted-space\">\u00a0<\/span><\/p><p class=\"p1\"><strong>Tarih<\/strong>:<span class=\"Apple-converted-space\">\u00a0<br \/><br \/><\/span>Kabul ediyorum. ( )<\/p><p class=\"p1\">Kabul etmiyorum. ( )<\/p>\t\t\t\t\t\t\t\t<\/div>\n\t\t\t\t<\/div>\n\t\t\t\t\t<\/div>\n\t\t\t\t<\/div>\n\t\t\t\t\t<\/div>\n\t\t\t\t<\/div>\n\t\t\t\t<\/div>","protected":false},"excerpt":{"rendered":"<p>A\u00e7\u0131k R\u0131za Metni Ki\u015fisel Verilerin Korunmas\u0131 Mevzuat\u0131 Uyar\u0131nca M\u00fc\u015fteri A\u00e7\u0131k R\u0131za Metni \u00a0 Koltur Seyahat Acental\u0131\u011f\u0131 Turizm Ticaret Anonim \u015eirketi (\u201cKoltur\u201d veya \u201c\u015eirket\u201d) olarak 6698 say\u0131l\u0131 Ki\u015fisel Verilerin Korunmas\u0131 Kanunu kapsam\u0131nda istisnaya giren (\u00f6rne\u011fin kanunlarda \u00f6ng\u00f6r\u00fclmesi veya s\u00f6zle\u015fmenin ifas\u0131 i\u00e7in gerekli olmas\u0131) haller haricinde ki\u015fisel verilerinizin i\u015flenmesi kapsam\u0131nda a\u015fa\u011f\u0131daki hususlara ili\u015fkin a\u00e7\u0131k r\u0131zan\u0131z\u0131 talep ediyoruz:\u00a0 [&hellip;]<\/p>\n","protected":false},"author":1,"featured_media":0,"parent":0,"menu_order":0,"comment_status":"closed","ping_status":"closed","template":"tpl-default-elementor.php","meta":{"footnotes":""},"class_list":["post-4472","page","type-page","status-publish","hentry"],"yoast_head":"<!-- This site is optimized with the Yoast SEO Premium plugin v21.3 (Yoast SEO v27.4) - https:\/\/yoast.com\/product\/yoast-seo-premium-wordpress\/ -->\n<title>A\u00e7\u0131k R\u0131za Metni - Kolin Hotel<\/title>\n<meta name=\"robots\" content=\"index, follow, max-snippet:-1, max-image-preview:large, max-video-preview:-1\" \/>\n<link rel=\"canonical\" href=\"https:\/\/kolinhotel.com\/en\/acik-riza-metni\/\" \/>\n<meta property=\"og:locale\" content=\"en_GB\" \/>\n<meta property=\"og:type\" content=\"article\" \/>\n<meta property=\"og:title\" content=\"A\u00e7\u0131k R\u0131za Metni\" \/>\n<meta property=\"og:description\" content=\"A\u00e7\u0131k R\u0131za Metni Ki\u015fisel Verilerin Korunmas\u0131 Mevzuat\u0131 Uyar\u0131nca M\u00fc\u015fteri A\u00e7\u0131k R\u0131za Metni \u00a0 Koltur Seyahat Acental\u0131\u011f\u0131 Turizm Ticaret Anonim \u015eirketi (\u201cKoltur\u201d veya \u201c\u015eirket\u201d) olarak 6698 say\u0131l\u0131 Ki\u015fisel Verilerin Korunmas\u0131 Kanunu kapsam\u0131nda istisnaya giren (\u00f6rne\u011fin kanunlarda \u00f6ng\u00f6r\u00fclmesi veya s\u00f6zle\u015fmenin ifas\u0131 i\u00e7in gerekli olmas\u0131) haller haricinde ki\u015fisel verilerinizin i\u015flenmesi kapsam\u0131nda a\u015fa\u011f\u0131daki hususlara ili\u015fkin a\u00e7\u0131k r\u0131zan\u0131z\u0131 talep ediyoruz:\u00a0 [&hellip;]\" \/>\n<meta property=\"og:url\" content=\"https:\/\/kolinhotel.com\/en\/acik-riza-metni\/\" \/>\n<meta property=\"og:site_name\" content=\"Kolin Hotel\" \/>\n<meta property=\"article:publisher\" content=\"https:\/\/www.facebook.com\/KolinHotel\/?locale=tr_TR\" \/>\n<meta property=\"article:modified_time\" content=\"2023-12-29T09:47:55+00:00\" \/>\n<meta property=\"og:image\" content=\"https:\/\/kolinhotel.com\/wp-content\/uploads\/Kolin-Hotel-Canakkale-1-1.webp\" \/>\n\t<meta property=\"og:image:width\" content=\"2160\" \/>\n\t<meta property=\"og:image:height\" content=\"1010\" \/>\n\t<meta property=\"og:image:type\" content=\"image\/webp\" \/>\n<meta name=\"twitter:card\" content=\"summary_large_image\" \/>\n<meta name=\"twitter:label1\" content=\"Estimated reading time\" \/>\n\t<meta name=\"twitter:data1\" content=\"2 minutes\" \/>\n<script type=\"application\/ld+json\" class=\"yoast-schema-graph\">{\"@context\":\"https:\\\/\\\/schema.org\",\"@graph\":[{\"@type\":\"WebPage\",\"@id\":\"https:\\\/\\\/kolinhotel.com\\\/acik-riza-metni\\\/\",\"url\":\"https:\\\/\\\/kolinhotel.com\\\/acik-riza-metni\\\/\",\"name\":\"A\u00e7\u0131k R\u0131za Metni - Kolin Hotel\",\"isPartOf\":{\"@id\":\"https:\\\/\\\/kolinhotel.com\\\/#website\"},\"datePublished\":\"2023-12-29T09:46:38+00:00\",\"dateModified\":\"2023-12-29T09:47:55+00:00\",\"breadcrumb\":{\"@id\":\"https:\\\/\\\/kolinhotel.com\\\/acik-riza-metni\\\/#breadcrumb\"},\"inLanguage\":\"en-GB\",\"potentialAction\":[{\"@type\":\"ReadAction\",\"target\":[\"https:\\\/\\\/kolinhotel.com\\\/acik-riza-metni\\\/\"]}]},{\"@type\":\"BreadcrumbList\",\"@id\":\"https:\\\/\\\/kolinhotel.com\\\/acik-riza-metni\\\/#breadcrumb\",\"itemListElement\":[{\"@type\":\"ListItem\",\"position\":1,\"name\":\"Anasayfa\",\"item\":\"https:\\\/\\\/kolinhotel.com\\\/\"},{\"@type\":\"ListItem\",\"position\":2,\"name\":\"A\u00e7\u0131k R\u0131za Metni\"}]},{\"@type\":\"WebSite\",\"@id\":\"https:\\\/\\\/kolinhotel.com\\\/#website\",\"url\":\"https:\\\/\\\/kolinhotel.com\\\/\",\"name\":\"Kolin Hotel SPA & Convention Center - \u00c7anakkale\",\"description\":\"SPA&amp; Convention Center\",\"publisher\":{\"@id\":\"https:\\\/\\\/kolinhotel.com\\\/#organization\"},\"potentialAction\":[{\"@type\":\"SearchAction\",\"target\":{\"@type\":\"EntryPoint\",\"urlTemplate\":\"https:\\\/\\\/kolinhotel.com\\\/?s={search_term_string}\"},\"query-input\":{\"@type\":\"PropertyValueSpecification\",\"valueRequired\":true,\"valueName\":\"search_term_string\"}}],\"inLanguage\":\"en-GB\"},{\"@type\":\"Organization\",\"@id\":\"https:\\\/\\\/kolinhotel.com\\\/#organization\",\"name\":\"Kolin Hotel SPA & Convention Center - \u00c7anakkale\",\"url\":\"https:\\\/\\\/kolinhotel.com\\\/\",\"logo\":{\"@type\":\"ImageObject\",\"inLanguage\":\"en-GB\",\"@id\":\"https:\\\/\\\/kolinhotel.com\\\/#\\\/schema\\\/logo\\\/image\\\/\",\"url\":\"https:\\\/\\\/i0.wp.com\\\/kolinhotel.com\\\/wp-content\\\/uploads\\\/cropped-sosyalmedya1.png?fit=512%2C512&ssl=1\",\"contentUrl\":\"https:\\\/\\\/i0.wp.com\\\/kolinhotel.com\\\/wp-content\\\/uploads\\\/cropped-sosyalmedya1.png?fit=512%2C512&ssl=1\",\"width\":512,\"height\":512,\"caption\":\"Kolin Hotel SPA & Convention Center - \u00c7anakkale\"},\"image\":{\"@id\":\"https:\\\/\\\/kolinhotel.com\\\/#\\\/schema\\\/logo\\\/image\\\/\"},\"sameAs\":[\"https:\\\/\\\/www.facebook.com\\\/KolinHotel\\\/?locale=tr_TR\",\"https:\\\/\\\/www.instagram.com\\\/kolinhotel\\\/\"]}]}<\/script>\n<!-- \/ Yoast SEO Premium plugin. -->","yoast_head_json":{"title":"A\u00e7\u0131k R\u0131za Metni - Kolin Hotel","robots":{"index":"index","follow":"follow","max-snippet":"max-snippet:-1","max-image-preview":"max-image-preview:large","max-video-preview":"max-video-preview:-1"},"canonical":"https:\/\/kolinhotel.com\/en\/acik-riza-metni\/","og_locale":"en_GB","og_type":"article","og_title":"A\u00e7\u0131k R\u0131za Metni","og_description":"A\u00e7\u0131k R\u0131za Metni Ki\u015fisel Verilerin Korunmas\u0131 Mevzuat\u0131 Uyar\u0131nca M\u00fc\u015fteri A\u00e7\u0131k R\u0131za Metni \u00a0 Koltur Seyahat Acental\u0131\u011f\u0131 Turizm Ticaret Anonim \u015eirketi (\u201cKoltur\u201d veya \u201c\u015eirket\u201d) olarak 6698 say\u0131l\u0131 Ki\u015fisel Verilerin Korunmas\u0131 Kanunu kapsam\u0131nda istisnaya giren (\u00f6rne\u011fin kanunlarda \u00f6ng\u00f6r\u00fclmesi veya s\u00f6zle\u015fmenin ifas\u0131 i\u00e7in gerekli olmas\u0131) haller haricinde ki\u015fisel verilerinizin i\u015flenmesi kapsam\u0131nda a\u015fa\u011f\u0131daki hususlara ili\u015fkin a\u00e7\u0131k r\u0131zan\u0131z\u0131 talep ediyoruz:\u00a0 [&hellip;]","og_url":"https:\/\/kolinhotel.com\/en\/acik-riza-metni\/","og_site_name":"Kolin Hotel","article_publisher":"https:\/\/www.facebook.com\/KolinHotel\/?locale=tr_TR","article_modified_time":"2023-12-29T09:47:55+00:00","og_image":[{"width":2160,"height":1010,"url":"https:\/\/kolinhotel.com\/wp-content\/uploads\/Kolin-Hotel-Canakkale-1-1.webp","type":"image\/webp"}],"twitter_card":"summary_large_image","twitter_misc":{"Estimated reading time":"2 minutes"},"schema":{"@context":"https:\/\/schema.org","@graph":[{"@type":"WebPage","@id":"https:\/\/kolinhotel.com\/acik-riza-metni\/","url":"https:\/\/kolinhotel.com\/acik-riza-metni\/","name":"A\u00e7\u0131k R\u0131za Metni - Kolin Hotel","isPartOf":{"@id":"https:\/\/kolinhotel.com\/#website"},"datePublished":"2023-12-29T09:46:38+00:00","dateModified":"2023-12-29T09:47:55+00:00","breadcrumb":{"@id":"https:\/\/kolinhotel.com\/acik-riza-metni\/#breadcrumb"},"inLanguage":"en-GB","potentialAction":[{"@type":"ReadAction","target":["https:\/\/kolinhotel.com\/acik-riza-metni\/"]}]},{"@type":"BreadcrumbList","@id":"https:\/\/kolinhotel.com\/acik-riza-metni\/#breadcrumb","itemListElement":[{"@type":"ListItem","position":1,"name":"Anasayfa","item":"https:\/\/kolinhotel.com\/"},{"@type":"ListItem","position":2,"name":"A\u00e7\u0131k R\u0131za Metni"}]},{"@type":"WebSite","@id":"https:\/\/kolinhotel.com\/#website","url":"https:\/\/kolinhotel.com\/","name":"Kolin Hotel SPA & Convention Center - \u00c7anakkale","description":"SPA&amp; Convention Center","publisher":{"@id":"https:\/\/kolinhotel.com\/#organization"},"potentialAction":[{"@type":"SearchAction","target":{"@type":"EntryPoint","urlTemplate":"https:\/\/kolinhotel.com\/?s={search_term_string}"},"query-input":{"@type":"PropertyValueSpecification","valueRequired":true,"valueName":"search_term_string"}}],"inLanguage":"en-GB"},{"@type":"Organization","@id":"https:\/\/kolinhotel.com\/#organization","name":"Kolin Hotel SPA & Convention Center - \u00c7anakkale","url":"https:\/\/kolinhotel.com\/","logo":{"@type":"ImageObject","inLanguage":"en-GB","@id":"https:\/\/kolinhotel.com\/#\/schema\/logo\/image\/","url":"https:\/\/i0.wp.com\/kolinhotel.com\/wp-content\/uploads\/cropped-sosyalmedya1.png?fit=512%2C512&ssl=1","contentUrl":"https:\/\/i0.wp.com\/kolinhotel.com\/wp-content\/uploads\/cropped-sosyalmedya1.png?fit=512%2C512&ssl=1","width":512,"height":512,"caption":"Kolin Hotel SPA & Convention Center - \u00c7anakkale"},"image":{"@id":"https:\/\/kolinhotel.com\/#\/schema\/logo\/image\/"},"sameAs":["https:\/\/www.facebook.com\/KolinHotel\/?locale=tr_TR","https:\/\/www.instagram.com\/kolinhotel\/"]}]}},"jetpack_sharing_enabled":true,"_links":{"self":[{"href":"https:\/\/kolinhotel.com\/en\/wp-json\/wp\/v2\/pages\/4472","targetHints":{"allow":["GET"]}}],"collection":[{"href":"https:\/\/kolinhotel.com\/en\/wp-json\/wp\/v2\/pages"}],"about":[{"href":"https:\/\/kolinhotel.com\/en\/wp-json\/wp\/v2\/types\/page"}],"author":[{"embeddable":true,"href":"https:\/\/kolinhotel.com\/en\/wp-json\/wp\/v2\/users\/1"}],"replies":[{"embeddable":true,"href":"https:\/\/kolinhotel.com\/en\/wp-json\/wp\/v2\/comments?post=4472"}],"version-history":[{"count":0,"href":"https:\/\/kolinhotel.com\/en\/wp-json\/wp\/v2\/pages\/4472\/revisions"}],"wp:attachment":[{"href":"https:\/\/kolinhotel.com\/en\/wp-json\/wp\/v2\/media?parent=4472"}],"curies":[{"name":"wp","href":"https:\/\/api.w.org\/{rel}","templated":true}]}}