{"id":4477,"date":"2023-12-29T09:48:52","date_gmt":"2023-12-29T09:48:52","guid":{"rendered":"https:\/\/kolinhotel.com\/?page_id=4477"},"modified":"2023-12-29T09:51:16","modified_gmt":"2023-12-29T09:51:16","slug":"aydinlatma-metni","status":"publish","type":"page","link":"https:\/\/kolinhotel.com\/en\/aydinlatma-metni\/","title":{"rendered":"Ayd\u0131nlatma Metni"},"content":{"rendered":"<div data-elementor-type=\"wp-page\" data-elementor-id=\"4477\" class=\"elementor elementor-4477\">\n\t\t\t\t<div class=\"elementor-element elementor-element-2adbdc0 e-flex e-con-boxed e-con e-parent\" data-id=\"2adbdc0\" data-element_type=\"container\" data-e-type=\"container\">\n\t\t\t\t\t<div class=\"e-con-inner\">\n\t\t<div class=\"elementor-element elementor-element-d0228ea e-flex e-con-boxed e-con e-child\" data-id=\"d0228ea\" data-element_type=\"container\" data-e-type=\"container\">\n\t\t\t\t\t<div class=\"e-con-inner\">\n\t\t\t\t<div class=\"elementor-element elementor-element-29c4a65 elementor-widget elementor-widget-heading\" data-id=\"29c4a65\" data-element_type=\"widget\" data-e-type=\"widget\" data-widget_type=\"heading.default\">\n\t\t\t\t<div class=\"elementor-widget-container\">\n\t\t\t\t\t<h2 class=\"elementor-heading-title elementor-size-default\">KVKK Kapsam\u0131nda Ayd\u0131nlatma Metni<\/h2>\t\t\t\t<\/div>\n\t\t\t\t<\/div>\n\t\t\t\t<div class=\"elementor-element elementor-element-d8f6c9e elementor-widget elementor-widget-text-editor\" data-id=\"d8f6c9e\" data-element_type=\"widget\" data-e-type=\"widget\" data-widget_type=\"text-editor.default\">\n\t\t\t\t<div class=\"elementor-widget-container\">\n\t\t\t\t\t\t\t\t\t<h4 class=\"p1\"><strong>Ki\u015fisel Verilerin Korunmas\u0131 Mevzuat\u0131 Uyar\u0131nca<\/strong><\/h4><h4 class=\"p1\"><strong>M\u00fc\u015fteri Ayd\u0131nlatma Metni<\/strong><\/h4><ol class=\"ol1\"><li class=\"li4\"><strong>Veri Sorumlusunun Kimli\u011fi<\/strong><\/li><\/ol><p class=\"p5\">Koltur Seyahat Acental\u0131\u011f\u0131 Turizm Ticaret Anonim \u015eirketi (\u201c<strong>Koltur<\/strong>\u201d veya \u201c<strong>\u015eirket<\/strong>\u201d) olarak ki\u015fisel verilerinizin g\u00fcvenli\u011fi ve gizli tutulmas\u0131 hususunda azami hassasiyet g\u00f6stermekteyiz. Bu bilin\u00e7le ve 6698 say\u0131l\u0131 Ki\u015fisel Verilerin Korunmas\u0131 Kanunu (\u201c<strong>Kanun<\/strong>\u201d) nezdinde veri sorumlusu s\u0131fat\u0131yla, \u015eirketimiz misafiri olman\u0131z veya hizmetlerimizden faydalanmak amac\u0131yla taraf\u0131m\u0131zla ileti\u015fime ge\u00e7meniz sebebiyle elde etti\u011fimiz ki\u015fisel verilere ili\u015fkin Kanun\u2019a uygun hareket edebilmemizi teminen ayd\u0131nlatma y\u00fck\u00fcml\u00fcl\u00fc\u011f\u00fc kapsam\u0131nda a\u015fa\u011f\u0131daki hususlar\u0131 bilgilerinize sunuyoruz:<\/p><p class=\"p6\">\u00a0<\/p><p class=\"p4\"><strong>2. Ki\u015fisel Verilerin \u0130\u015flenmesi ve \u0130\u015fleme Ama\u00e7lar\u0131<\/strong><\/p><p class=\"p4\">Ki\u015fisel verileriniz, Koltur taraf\u0131ndan i\u015fletilen otelimizde sunulan hizmet ya da ger\u00e7ekle\u015ftirilen ticari faaliyete ili\u015fkin olarak de\u011fi\u015fkenlik g\u00f6sterebilmekle beraber, \u015eirketimiz taraf\u0131ndan hizmetlerin en iyi \u015fekilde sunulabilmesini sa\u011flamak maksad\u0131yla i\u015flenmektedir.<span class=\"Apple-converted-space\">\u00a0<\/span><\/p><p class=\"p4\">Koltur olarak, kimlik ve ileti\u015fim bilgileriniz, \u00f6demeye ili\u015fkin verileriniz, imza veriniz, ta\u015f\u0131t plaka veriniz, g\u00f6rsel veriniz, internet sitemizi ziyaret etmeniz veya ortak internet a\u011f\u0131na kat\u0131lman\u0131z halinde dijital iz verileriniz ve \u00e7a\u011fr\u0131 merkezimize ula\u015fman\u0131z halinde i\u015fitsel verileriniz gibi genel nitelikli ki\u015fisel verileriniz veya iletmeniz halinde sa\u011fl\u0131k verileriniz gibi \u00f6zel nitelikli ki\u015fisel verileriniz (<em>ayr\u0131ca \u00f6zel nitelikli ki\u015fisel verilerden olup da kimlik belgelerinde yer alan din bilgisi ve kan grubu gibi bilgileriniz de dolayl\u0131 olarak kimlik ve\/veya ehliyet suretinden gelebilmektedir.<\/em>);<\/p><ul class=\"ul1\"><li class=\"li5\">Konaklama, spa, spor tesisleri, restoran ve otel i\u00e7erisinde ger\u00e7ekle\u015fen etkinlik hizmetlerimizden faydalanman\u0131z,<span class=\"Apple-converted-space\">\u00a0<\/span><\/li><li class=\"li5\">\u00c7e\u015fitli kanallar \u00fczerinden (\u00e7a\u011fr\u0131 merkezi, internet sitesi vb.) ger\u00e7ekle\u015ftirilen rezervasyonlar\u0131n\u0131z\u0131n al\u0131m, iptal ve de\u011fi\u015fiklik i\u015flemlerinin y\u00f6netilmesi ve konaklama hizmetlerinin sunulmas\u0131,<\/li><li class=\"li5\">Talep ve \u015fik\u00e2yetlerinizin kay\u0131t alt\u0131na al\u0131nmas\u0131, \u00e7e\u015fitli kanallar \u00fczerinden cevaplanmas\u0131 ve y\u00f6netilmesi,<span class=\"Apple-converted-space\">\u00a0<\/span><\/li><li class=\"li5\">Sunulan hizmetin be\u011feni, kullan\u0131m al\u0131\u015fkanl\u0131klar\u0131 ve ihtiya\u00e7lar\u0131n\u0131za g\u00f6re \u00f6zelle\u015ftirilmesi, geli\u015ftirilmesi ve bu y\u00f6nde \u00f6nerilerde bulunulmas\u0131,<\/li><li class=\"li5\">\u00c7ocuklar\u0131n\u0131zla birlikte otelimizde konaklaman\u0131z halinde, yasal temsilcisi bulundu\u011funuz \u00e7ocuklar\u0131n\u0131z\u0131n hizmetlerimizden faydaland\u0131r\u0131lmas\u0131,<\/li><li class=\"li5\">A\u00e7\u0131k r\u0131zan\u0131z olmas\u0131 halinde; konaklama al\u0131\u015fkanl\u0131klar\u0131n\u0131z\u0131n analiz edilmesi, taraf\u0131n\u0131za genel ve \u00f6zel teklifler sunulmas\u0131, tan\u0131t\u0131m, reklam, kampanya, \u00e7ekili\u015f, promosyon, yar\u0131\u015fma, hediye, bilgilendirme, ileti\u015fim faaliyetlerinin y\u00fcr\u00fct\u00fclmesi, hizmetlerimizin geli\u015ftirilebilmesi amac\u0131yla memnuniyet anketi yap\u0131lmas\u0131,<span class=\"Apple-converted-space\">\u00a0<\/span><\/li><li class=\"li5\">Organizasyon ve etkinlik y\u00f6netimi,<\/li><li class=\"li5\">Bilgi ve veri g\u00fcvenli\u011finin temini ve bilgi sistemlerinin s\u00fcreklili\u011finin sa\u011flanmas\u0131,<\/li><li class=\"li5\">5651 say\u0131l\u0131 kanun uyar\u0131nca elektronik ortamda olu\u015fan log kay\u0131tlar\u0131n\u0131z\u0131n tutulmas\u0131,<\/li><li class=\"li5\">Resmi kurum ve kurulu\u015flara bildirim yap\u0131lmas\u0131,<span class=\"Apple-converted-space\">\u00a0<\/span><\/li><li class=\"li5\">Otelimizin ve i\u015fyerlerimizin g\u00fcvenli\u011finin sa\u011flanmas\u0131,<\/li><li class=\"li5\">Otelimizin tan\u0131t\u0131m g\u00f6rsellerinin olu\u015fturulabilmesi i\u00e7in i\u015fyerinde video ve\/veya foto\u011fraf \u00e7ekimi yap\u0131lmas\u0131 durumunda g\u00f6rsel verilerinizin i\u015flenmesi ve yay\u0131nlanmas\u0131i<\/li><li class=\"li5\">\u015eirket inceleme, soru\u015fturma, raporlama, i\u00e7 kontrol ve denetim faaliyetlerinin ger\u00e7ekle\u015ftirilmesi ve \u015eirketimiz faaliyetleri kapsam\u0131nda hizmetlerimizin y\u00fcr\u00fct\u00fclmesi ve geli\u015ftirilmesi, \u015eirketimizin faaliyetlerinin mevzuata ve \u015eirket politika ve prosed\u00fcrlerine uyum sa\u011flanmas\u0131 ama\u00e7lar\u0131yla s\u0131n\u0131rl\u0131 olarak i\u015flenebilmektedir. Ki\u015fisel verileriniz ayr\u0131ca fiziki ar\u015fivler ve bili\u015fim sistemlerine nakledilerek hem dijital hem fiziki ortamlarda muhafaza alt\u0131nda tutulabilmektedir.<\/li><\/ul><ol class=\"ol1\"><li class=\"li5\"><strong>\u0130\u015flenen Ki\u015fisel Verilerin Kimlere ve Hangi Ama\u00e7lar ile Aktar\u0131labilece\u011fi<\/strong><\/li><\/ol><p class=\"p4\">Toplanan ki\u015fisel verileriniz, i\u015fbu Ayd\u0131nlatma Metni\u2019nin 2. maddesinde a\u00e7\u0131klanan ama\u00e7larla Kanun ve ilgili mevzuat kapsam\u0131nda aktar\u0131lmas\u0131n\u0131 gerektiren sebeplere ba\u011fl\u0131 ve bu sebeplerle s\u0131n\u0131rl\u0131 olarak; resmi kurum ve kurulu\u015flara, hizmetlerinden yararland\u0131\u011f\u0131m\u0131z, dan\u0131\u015fmanlar\u0131m\u0131za, bilgi teknolojileri ve g\u00fcvenlik \u015firketlerine, i\u015f sa\u011fl\u0131\u011f\u0131 ve g\u00fcvenli\u011fi teknik destek hizmeti sa\u011flay\u0131c\u0131lar\u0131 da d\u00e2hil olmak \u00fczere destek hizmetleri al\u0131nan i\u015f ortaklar\u0131na, sigorta \u015firketlerine, ara\u00e7 kiralama \u015firketlerine, restoranlara, anla\u015fmal\u0131 olarak hizmet sat\u0131n ald\u0131\u011f\u0131m\u0131z denetim \u015firketlerine, avukatlara, tedarik\u00e7ilere vb. i\u015fbirli\u011fi i\u00e7inde bulunulan firmalar ile \u015eirketin ba\u011fl\u0131 bulundu\u011fu Kolin Holding ve holding b\u00fcnyesinde bulunan grup \u015firketlerine<span class=\"Apple-converted-space\">\u00a0\u00a0<\/span>ve onlarla ortak kullan\u0131lan veri tabanlar\u0131na aktar\u0131labilecektir.<\/p><p class=\"p4\"><strong>4. Ki\u015fisel Veri Toplaman\u0131n Y\u00f6ntemi ve Hukuki Sebebi<\/strong><\/p><p class=\"p4\">Ki\u015fisel verileriniz yukar\u0131da belirtilen ama\u00e7larla, Kanun\u2019da \u00f6ng\u00f6r\u00fclen temel ilkelere uygun ve Kanun\u2019un 5. maddesinin 2. f\u0131kras\u0131nda belirtilen s\u00f6zle\u015fmenin ifas\u0131, kanunlarda \u00f6ng\u00f6r\u00fclmesi, hukuki y\u00fck\u00fcml\u00fcl\u00fc\u011f\u00fcn yerine getirilmesi, ilgili ki\u015fi taraf\u0131ndan bizzat alenile\u015ftirilmi\u015f olmas\u0131, veri sorumlusunun me\u015fru menfaati ve hukuki sebeplerine dayal\u0131 ve bu sebeplerle s\u0131n\u0131rl\u0131 olarak, do\u011frudan s\u00f6zl\u00fc veya yaz\u0131l\u0131 \u015fekilde taraf\u0131n\u0131zdan iletilen bilgiler, internet sitemiz ve online sat\u0131\u015f platformlar\u0131, sosyal medya platformlar\u0131 ve \u00e7a\u011fr\u0131 merkezi \u00fczerinden, turizm acentelerinden, organizasyon firmalar\u0131ndan, kamera kay\u0131tlar\u0131 vas\u0131tas\u0131yla ve di\u011fer i\u015f ortaklar\u0131ndan otomatik veya otomatik olmayan yollarla toplanabilmektedir.<\/p><p class=\"p4\"><strong>5. Ki\u015fisel Verileriniz Konusundaki Haklar\u0131n\u0131z<\/strong><\/p><p class=\"p5\">Ki\u015fisel verilerin korunmas\u0131 mevzuat\u0131 \u00e7er\u00e7evesinde, ki\u015fisel verilerinizin; i\u015flenip i\u015flenmedi\u011fini \u00f6\u011frenme, ki\u015fisel verileriniz i\u015flenmi\u015fse buna ili\u015fkin bilgi talep etme, ki\u015fisel verilerinizin i\u015flenme amac\u0131n\u0131 ve bunlar\u0131n amac\u0131na uygun kullan\u0131l\u0131p kullan\u0131lmad\u0131\u011f\u0131n\u0131 \u00f6\u011frenme, yurt i\u00e7inde veya yurt d\u0131\u015f\u0131nda ki\u015fisel verilerinizin aktar\u0131ld\u0131\u011f\u0131 \u00fc\u00e7\u00fcnc\u00fc ki\u015fileri bilme, ki\u015fisel verilerinizin eksik veya yanl\u0131\u015f i\u015flenmi\u015f olmas\u0131 h\u00e2linde bunlar\u0131n d\u00fczeltilmesini isteme, ki\u015fisel verilerinizin silinmesini veya yok edilmesini isteme, ki\u015fisel verilerinizin eksik veya yanl\u0131\u015f i\u015flenmi\u015f olmas\u0131 h\u00e2linde bunlar\u0131n d\u00fczeltilmesine ve\/veya ki\u015fisel verilerin silinmesine veya yok edilmesine ili\u015fkin i\u015flemlerin ki\u015fisel verilerin aktar\u0131ld\u0131\u011f\u0131 \u00fc\u00e7\u00fcnc\u00fc ki\u015filere bildirilmesini isteme, i\u015flenen verilerinizin m\u00fcnhas\u0131ran otomatik sistemler vas\u0131tas\u0131yla analiz edilmesi suretiyle i\u015flenmesi durumunda aleyhe bir sonucun ortaya \u00e7\u0131kmas\u0131 ihtimalinde itiraz etme, ki\u015fisel verilerinizin kanuna ayk\u0131r\u0131 olarak i\u015flenmesi sebebiyle zarara u\u011fran\u0131lmas\u0131 h\u00e2linde zarar\u0131n giderilmesini, talep etme haklar\u0131n\u0131z mevcuttur.<\/p><p class=\"p9\">Kanun kapsam\u0131nda, ki\u015fisel verilerinizle ilgili ba\u015fvurular\u0131n\u0131z\u0131\u00a0<span class=\"s2\">www.kolinhotel.com\/ <\/span>linkindeki form ile a\u015fa\u011f\u0131da belirtilen kanallardan birini kullanarak;<span class=\"Apple-converted-space\">\u00a0<\/span><\/p><p class=\"p10\">\u00a0<\/p><ul class=\"ul1\"><li class=\"li9\">Kolin Otel, Atat\u00fcrk Cad. No:2 Bo\u011fazkent Mah. Kepez &#8211;<span class=\"Apple-converted-space\">\u00a0\u00a0<\/span>Merkez, \u00c7anakkale adresine kimlik teyidinizin yap\u0131lmas\u0131 sa\u011flanarak bizzat; veya<span class=\"Apple-converted-space\">\u00a0<\/span><\/li><li class=\"li9\">\u015eirketimizin\u00a0<a href=\"mailto:kolturseyahat@hs03.kep.tr\"><span class=\"s2\">kolturseyahat@hs03.kep.tr<\/span><\/a>\u00a0posta adresine; veya<span class=\"Apple-converted-space\">\u00a0<\/span><\/li><li class=\"li9\">G\u00fcvenli elektronik veya mobil imzan\u0131z ile \u015eirketimizin\u00a0<a href=\"mailto:kvkk@kolinhotel.com\"><span class=\"s2\">kvkk@kolinhotel.com<\/span><\/a>\u00a0adresine veya<span class=\"Apple-converted-space\">\u00a0<\/span><\/li><li class=\"li9\">Kimlik teyidinizin yap\u0131lmas\u0131 sa\u011flanarak, Kanun ve ilgili mevzuatta belirtilen di\u011fer usuller ile taraf\u0131m\u0131za iletebilirsiniz.<\/li><\/ul><p class=\"p9\">\u015eirketimiz, Kanunu\u2019nun 13. maddesine uygun olarak, ba\u015fvuru taleplerini, talebin niteli\u011fine g\u00f6re ve en ge\u00e7 30 (otuz) g\u00fcn i\u00e7inde sonu\u00e7land\u0131racakt\u0131r. \u0130\u015flemin maliyet gerektirmesi halinde, Ki\u015fisel Verilerin Korunmas\u0131 Kurulu taraf\u0131ndan belirlenen tarife uygulanacakt\u0131r. Talebin reddedilmesi halinde, red nedeni\/nedenleri yaz\u0131l\u0131 olarak veya elektronik ortamda gerek\u00e7elendirilecektir. Ba\u015fvuru taleplerinin de\u011ferlendirme s\u00fcrecine ili\u015fkin detayl\u0131 bilgiyi\u00a0<a href=\"https:\/\/www.kvkk.gov.tr\/%2520adresi%2520%25C3%25BCzerinden%2520ula%25C5%259Fabilece%25C4%259Finiz%2520Ki%25C5%259Fisel%2520Verilerin%2520Korunmas%25C4%25B1%2520ve%2520%25C4%25B0%25C5%259Flenmesi%2520Politikas%25C4%25B1'nda%2520bulabilirsiniz.%250D\"><span class=\"s3\">https:\/\/www.kvkk.gov.tr\/ adresi \u00fczerinden ula\u015fabilece\u011finiz Ki\u015fisel Verilerin Korunmas\u0131 ve \u0130\u015flenmesi Politikas\u0131\u2019nda bulabilirsiniz.<\/span><\/a><\/p>\t\t\t\t\t\t\t\t<\/div>\n\t\t\t\t<\/div>\n\t\t\t\t\t<\/div>\n\t\t\t\t<\/div>\n\t\t\t\t\t<\/div>\n\t\t\t\t<\/div>\n\t\t\t\t<\/div>","protected":false},"excerpt":{"rendered":"<p>KVKK Kapsam\u0131nda Ayd\u0131nlatma Metni Ki\u015fisel Verilerin Korunmas\u0131 Mevzuat\u0131 Uyar\u0131nca M\u00fc\u015fteri Ayd\u0131nlatma Metni Veri Sorumlusunun Kimli\u011fi Koltur Seyahat Acental\u0131\u011f\u0131 Turizm Ticaret Anonim \u015eirketi (\u201cKoltur\u201d veya \u201c\u015eirket\u201d) olarak ki\u015fisel verilerinizin g\u00fcvenli\u011fi ve gizli tutulmas\u0131 hususunda azami hassasiyet g\u00f6stermekteyiz. Bu bilin\u00e7le ve 6698 say\u0131l\u0131 Ki\u015fisel Verilerin Korunmas\u0131 Kanunu (\u201cKanun\u201d) nezdinde veri sorumlusu s\u0131fat\u0131yla, \u015eirketimiz misafiri olman\u0131z veya hizmetlerimizden [&hellip;]<\/p>\n","protected":false},"author":1,"featured_media":0,"parent":0,"menu_order":0,"comment_status":"closed","ping_status":"closed","template":"tpl-default-elementor.php","meta":{"footnotes":""},"class_list":["post-4477","page","type-page","status-publish","hentry"],"yoast_head":"<!-- This site is optimized with the Yoast SEO Premium plugin v21.3 (Yoast SEO v27.4) - https:\/\/yoast.com\/product\/yoast-seo-premium-wordpress\/ -->\n<title>Ayd\u0131nlatma Metni - Kolin Hotel<\/title>\n<meta name=\"robots\" content=\"index, follow, max-snippet:-1, max-image-preview:large, max-video-preview:-1\" \/>\n<link rel=\"canonical\" href=\"https:\/\/kolinhotel.com\/en\/aydinlatma-metni\/\" \/>\n<meta property=\"og:locale\" content=\"en_GB\" \/>\n<meta property=\"og:type\" content=\"article\" \/>\n<meta property=\"og:title\" content=\"Ayd\u0131nlatma Metni\" \/>\n<meta property=\"og:description\" content=\"KVKK Kapsam\u0131nda Ayd\u0131nlatma Metni Ki\u015fisel Verilerin Korunmas\u0131 Mevzuat\u0131 Uyar\u0131nca M\u00fc\u015fteri Ayd\u0131nlatma Metni Veri Sorumlusunun Kimli\u011fi Koltur Seyahat Acental\u0131\u011f\u0131 Turizm Ticaret Anonim \u015eirketi (\u201cKoltur\u201d veya \u201c\u015eirket\u201d) olarak ki\u015fisel verilerinizin g\u00fcvenli\u011fi ve gizli tutulmas\u0131 hususunda azami hassasiyet g\u00f6stermekteyiz. Bu bilin\u00e7le ve 6698 say\u0131l\u0131 Ki\u015fisel Verilerin Korunmas\u0131 Kanunu (\u201cKanun\u201d) nezdinde veri sorumlusu s\u0131fat\u0131yla, \u015eirketimiz misafiri olman\u0131z veya hizmetlerimizden [&hellip;]\" \/>\n<meta property=\"og:url\" content=\"https:\/\/kolinhotel.com\/en\/aydinlatma-metni\/\" \/>\n<meta property=\"og:site_name\" content=\"Kolin Hotel\" \/>\n<meta property=\"article:publisher\" content=\"https:\/\/www.facebook.com\/KolinHotel\/?locale=tr_TR\" \/>\n<meta property=\"article:modified_time\" content=\"2023-12-29T09:51:16+00:00\" \/>\n<meta property=\"og:image\" content=\"https:\/\/kolinhotel.com\/wp-content\/uploads\/Kolin-Hotel-Canakkale-1-1.webp\" \/>\n\t<meta property=\"og:image:width\" content=\"2160\" \/>\n\t<meta property=\"og:image:height\" content=\"1010\" \/>\n\t<meta property=\"og:image:type\" content=\"image\/webp\" \/>\n<meta name=\"twitter:card\" content=\"summary_large_image\" \/>\n<meta name=\"twitter:label1\" content=\"Estimated reading time\" \/>\n\t<meta name=\"twitter:data1\" content=\"6 minutes\" \/>\n<script type=\"application\/ld+json\" class=\"yoast-schema-graph\">{\"@context\":\"https:\\\/\\\/schema.org\",\"@graph\":[{\"@type\":\"WebPage\",\"@id\":\"https:\\\/\\\/kolinhotel.com\\\/aydinlatma-metni\\\/\",\"url\":\"https:\\\/\\\/kolinhotel.com\\\/aydinlatma-metni\\\/\",\"name\":\"Ayd\u0131nlatma Metni - Kolin Hotel\",\"isPartOf\":{\"@id\":\"https:\\\/\\\/kolinhotel.com\\\/#website\"},\"datePublished\":\"2023-12-29T09:48:52+00:00\",\"dateModified\":\"2023-12-29T09:51:16+00:00\",\"breadcrumb\":{\"@id\":\"https:\\\/\\\/kolinhotel.com\\\/aydinlatma-metni\\\/#breadcrumb\"},\"inLanguage\":\"en-GB\",\"potentialAction\":[{\"@type\":\"ReadAction\",\"target\":[\"https:\\\/\\\/kolinhotel.com\\\/aydinlatma-metni\\\/\"]}]},{\"@type\":\"BreadcrumbList\",\"@id\":\"https:\\\/\\\/kolinhotel.com\\\/aydinlatma-metni\\\/#breadcrumb\",\"itemListElement\":[{\"@type\":\"ListItem\",\"position\":1,\"name\":\"Anasayfa\",\"item\":\"https:\\\/\\\/kolinhotel.com\\\/\"},{\"@type\":\"ListItem\",\"position\":2,\"name\":\"Ayd\u0131nlatma Metni\"}]},{\"@type\":\"WebSite\",\"@id\":\"https:\\\/\\\/kolinhotel.com\\\/#website\",\"url\":\"https:\\\/\\\/kolinhotel.com\\\/\",\"name\":\"Kolin Hotel SPA & Convention Center - \u00c7anakkale\",\"description\":\"SPA&amp; Convention Center\",\"publisher\":{\"@id\":\"https:\\\/\\\/kolinhotel.com\\\/#organization\"},\"potentialAction\":[{\"@type\":\"SearchAction\",\"target\":{\"@type\":\"EntryPoint\",\"urlTemplate\":\"https:\\\/\\\/kolinhotel.com\\\/?s={search_term_string}\"},\"query-input\":{\"@type\":\"PropertyValueSpecification\",\"valueRequired\":true,\"valueName\":\"search_term_string\"}}],\"inLanguage\":\"en-GB\"},{\"@type\":\"Organization\",\"@id\":\"https:\\\/\\\/kolinhotel.com\\\/#organization\",\"name\":\"Kolin Hotel SPA & Convention Center - \u00c7anakkale\",\"url\":\"https:\\\/\\\/kolinhotel.com\\\/\",\"logo\":{\"@type\":\"ImageObject\",\"inLanguage\":\"en-GB\",\"@id\":\"https:\\\/\\\/kolinhotel.com\\\/#\\\/schema\\\/logo\\\/image\\\/\",\"url\":\"https:\\\/\\\/i0.wp.com\\\/kolinhotel.com\\\/wp-content\\\/uploads\\\/cropped-sosyalmedya1.png?fit=512%2C512&ssl=1\",\"contentUrl\":\"https:\\\/\\\/i0.wp.com\\\/kolinhotel.com\\\/wp-content\\\/uploads\\\/cropped-sosyalmedya1.png?fit=512%2C512&ssl=1\",\"width\":512,\"height\":512,\"caption\":\"Kolin Hotel SPA & Convention Center - \u00c7anakkale\"},\"image\":{\"@id\":\"https:\\\/\\\/kolinhotel.com\\\/#\\\/schema\\\/logo\\\/image\\\/\"},\"sameAs\":[\"https:\\\/\\\/www.facebook.com\\\/KolinHotel\\\/?locale=tr_TR\",\"https:\\\/\\\/www.instagram.com\\\/kolinhotel\\\/\"]}]}<\/script>\n<!-- \/ Yoast SEO Premium plugin. -->","yoast_head_json":{"title":"Ayd\u0131nlatma Metni - Kolin Hotel","robots":{"index":"index","follow":"follow","max-snippet":"max-snippet:-1","max-image-preview":"max-image-preview:large","max-video-preview":"max-video-preview:-1"},"canonical":"https:\/\/kolinhotel.com\/en\/aydinlatma-metni\/","og_locale":"en_GB","og_type":"article","og_title":"Ayd\u0131nlatma Metni","og_description":"KVKK Kapsam\u0131nda Ayd\u0131nlatma Metni Ki\u015fisel Verilerin Korunmas\u0131 Mevzuat\u0131 Uyar\u0131nca M\u00fc\u015fteri Ayd\u0131nlatma Metni Veri Sorumlusunun Kimli\u011fi Koltur Seyahat Acental\u0131\u011f\u0131 Turizm Ticaret Anonim \u015eirketi (\u201cKoltur\u201d veya \u201c\u015eirket\u201d) olarak ki\u015fisel verilerinizin g\u00fcvenli\u011fi ve gizli tutulmas\u0131 hususunda azami hassasiyet g\u00f6stermekteyiz. Bu bilin\u00e7le ve 6698 say\u0131l\u0131 Ki\u015fisel Verilerin Korunmas\u0131 Kanunu (\u201cKanun\u201d) nezdinde veri sorumlusu s\u0131fat\u0131yla, \u015eirketimiz misafiri olman\u0131z veya hizmetlerimizden [&hellip;]","og_url":"https:\/\/kolinhotel.com\/en\/aydinlatma-metni\/","og_site_name":"Kolin Hotel","article_publisher":"https:\/\/www.facebook.com\/KolinHotel\/?locale=tr_TR","article_modified_time":"2023-12-29T09:51:16+00:00","og_image":[{"width":2160,"height":1010,"url":"https:\/\/kolinhotel.com\/wp-content\/uploads\/Kolin-Hotel-Canakkale-1-1.webp","type":"image\/webp"}],"twitter_card":"summary_large_image","twitter_misc":{"Estimated reading time":"6 minutes"},"schema":{"@context":"https:\/\/schema.org","@graph":[{"@type":"WebPage","@id":"https:\/\/kolinhotel.com\/aydinlatma-metni\/","url":"https:\/\/kolinhotel.com\/aydinlatma-metni\/","name":"Ayd\u0131nlatma Metni - Kolin Hotel","isPartOf":{"@id":"https:\/\/kolinhotel.com\/#website"},"datePublished":"2023-12-29T09:48:52+00:00","dateModified":"2023-12-29T09:51:16+00:00","breadcrumb":{"@id":"https:\/\/kolinhotel.com\/aydinlatma-metni\/#breadcrumb"},"inLanguage":"en-GB","potentialAction":[{"@type":"ReadAction","target":["https:\/\/kolinhotel.com\/aydinlatma-metni\/"]}]},{"@type":"BreadcrumbList","@id":"https:\/\/kolinhotel.com\/aydinlatma-metni\/#breadcrumb","itemListElement":[{"@type":"ListItem","position":1,"name":"Anasayfa","item":"https:\/\/kolinhotel.com\/"},{"@type":"ListItem","position":2,"name":"Ayd\u0131nlatma Metni"}]},{"@type":"WebSite","@id":"https:\/\/kolinhotel.com\/#website","url":"https:\/\/kolinhotel.com\/","name":"Kolin Hotel SPA & Convention Center - \u00c7anakkale","description":"SPA&amp; Convention Center","publisher":{"@id":"https:\/\/kolinhotel.com\/#organization"},"potentialAction":[{"@type":"SearchAction","target":{"@type":"EntryPoint","urlTemplate":"https:\/\/kolinhotel.com\/?s={search_term_string}"},"query-input":{"@type":"PropertyValueSpecification","valueRequired":true,"valueName":"search_term_string"}}],"inLanguage":"en-GB"},{"@type":"Organization","@id":"https:\/\/kolinhotel.com\/#organization","name":"Kolin Hotel SPA & Convention Center - \u00c7anakkale","url":"https:\/\/kolinhotel.com\/","logo":{"@type":"ImageObject","inLanguage":"en-GB","@id":"https:\/\/kolinhotel.com\/#\/schema\/logo\/image\/","url":"https:\/\/i0.wp.com\/kolinhotel.com\/wp-content\/uploads\/cropped-sosyalmedya1.png?fit=512%2C512&ssl=1","contentUrl":"https:\/\/i0.wp.com\/kolinhotel.com\/wp-content\/uploads\/cropped-sosyalmedya1.png?fit=512%2C512&ssl=1","width":512,"height":512,"caption":"Kolin Hotel SPA & Convention Center - \u00c7anakkale"},"image":{"@id":"https:\/\/kolinhotel.com\/#\/schema\/logo\/image\/"},"sameAs":["https:\/\/www.facebook.com\/KolinHotel\/?locale=tr_TR","https:\/\/www.instagram.com\/kolinhotel\/"]}]}},"jetpack_sharing_enabled":true,"_links":{"self":[{"href":"https:\/\/kolinhotel.com\/en\/wp-json\/wp\/v2\/pages\/4477","targetHints":{"allow":["GET"]}}],"collection":[{"href":"https:\/\/kolinhotel.com\/en\/wp-json\/wp\/v2\/pages"}],"about":[{"href":"https:\/\/kolinhotel.com\/en\/wp-json\/wp\/v2\/types\/page"}],"author":[{"embeddable":true,"href":"https:\/\/kolinhotel.com\/en\/wp-json\/wp\/v2\/users\/1"}],"replies":[{"embeddable":true,"href":"https:\/\/kolinhotel.com\/en\/wp-json\/wp\/v2\/comments?post=4477"}],"version-history":[{"count":0,"href":"https:\/\/kolinhotel.com\/en\/wp-json\/wp\/v2\/pages\/4477\/revisions"}],"wp:attachment":[{"href":"https:\/\/kolinhotel.com\/en\/wp-json\/wp\/v2\/media?parent=4477"}],"curies":[{"name":"wp","href":"https:\/\/api.w.org\/{rel}","templated":true}]}}