{"id":4485,"date":"2023-12-29T09:52:00","date_gmt":"2023-12-29T09:52:00","guid":{"rendered":"https:\/\/kolinhotel.com\/?page_id=4485"},"modified":"2023-12-29T09:53:59","modified_gmt":"2023-12-29T09:53:59","slug":"basvuru-formu","status":"publish","type":"page","link":"https:\/\/kolinhotel.com\/en\/basvuru-formu\/","title":{"rendered":"Application Form"},"content":{"rendered":"<div data-elementor-type=\"wp-page\" data-elementor-id=\"4485\" class=\"elementor elementor-4485\">\n\t\t\t\t<div class=\"elementor-element elementor-element-2adbdc0 e-flex e-con-boxed e-con e-parent\" data-id=\"2adbdc0\" data-element_type=\"container\" data-e-type=\"container\">\n\t\t\t\t\t<div class=\"e-con-inner\">\n\t\t<div class=\"elementor-element elementor-element-d0228ea e-flex e-con-boxed e-con e-child\" data-id=\"d0228ea\" data-element_type=\"container\" data-e-type=\"container\">\n\t\t\t\t\t<div class=\"e-con-inner\">\n\t\t\t\t<div class=\"elementor-element elementor-element-29c4a65 elementor-widget elementor-widget-heading\" data-id=\"29c4a65\" data-element_type=\"widget\" data-e-type=\"widget\" data-widget_type=\"heading.default\">\n\t\t\t\t<div class=\"elementor-widget-container\">\n\t\t\t\t\t<h2 class=\"elementor-heading-title elementor-size-default\">Application Form<\/h2>\t\t\t\t<\/div>\n\t\t\t\t<\/div>\n\t\t\t\t<div class=\"elementor-element elementor-element-d8f6c9e elementor-widget elementor-widget-text-editor\" data-id=\"d8f6c9e\" data-element_type=\"widget\" data-e-type=\"widget\" data-widget_type=\"text-editor.default\">\n\t\t\t\t<div class=\"elementor-widget-container\">\n\t\t\t\t\t\t\t\t\t<h5 class=\"p2\"><strong>KOLTUR SEYAHAT ACENTALI\u011eI TUR\u0130ZM T\u0130CARET ANON\u0130M \u015e\u0130RKET\u0130<\/strong><\/h5><h5 class=\"p3\"><strong>(\u201c\u015eirket\u201d veya \u201cOtel\u201d )<\/strong><\/h5><h5 class=\"p2\"><strong>VER\u0130 SORUMLUSUNA BA\u015eVURU FORMU<\/strong><\/h5><ol class=\"ol1\"><li class=\"li4\"><strong>Veri Sahibinin ileti\u015fim bilgileri:<\/strong><\/li><\/ol><table class=\"t1\" cellspacing=\"0\" cellpadding=\"0\"><tbody><tr><td class=\"td1\" valign=\"top\"><p class=\"p5\"><strong>*Ad\u0131-Soyad\u0131:<span class=\"Apple-converted-space\">\u00a0<\/span><\/strong><\/p><\/td><td class=\"td2\" valign=\"top\"><p class=\"p5\"><strong>\u2026\u2026\u2026\u2026\u2026\u2026\u2026\u2026\u2026\u2026\u2026\u2026\u2026\u2026\u2026\u2026\u2026\u2026\u2026\u2026\u2026\u2026\u2026\u2026\u2026&#8230;.<\/strong><\/p><\/td><\/tr><tr><td class=\"td3\" valign=\"top\"><p class=\"p5\"><strong>*TC Kimlik Numaras\u0131:<\/strong><\/p><\/td><td class=\"td4\" valign=\"top\"><p class=\"p5\"><strong>\u2026\u2026\u2026\u2026\u2026\u2026\u2026\u2026\u2026\u2026\u2026\u2026\u2026\u2026\u2026\u2026\u2026\u2026\u2026\u2026\u2026\u2026\u2026\u2026\u2026\u2026<\/strong><\/p><\/td><\/tr><tr><td class=\"td3\" valign=\"top\"><p class=\"p5\"><strong>*Telefon ve Faks Numaras\u0131:<\/strong><\/p><\/td><td class=\"td4\" valign=\"top\"><p class=\"p5\"><strong>\u2026\u2026\u2026\u2026\u2026\u2026\u2026\u2026\u2026\u2026\u2026\u2026\u2026\u2026\u2026\u2026\u2026\u2026\u2026\u2026\u2026\u2026\u2026\u2026\u2026\u2026<\/strong><\/p><\/td><\/tr><tr><td class=\"td1\" valign=\"top\"><p class=\"p5\"><strong>*<\/strong>\u00a0<strong>Elektronik posta adresi<\/strong><\/p><\/td><td class=\"td2\" valign=\"top\"><p class=\"p5\"><strong>\u2026\u2026\u2026\u2026\u2026\u2026\u2026\u2026\u2026\u2026\u2026\u2026\u2026\u2026\u2026\u2026\u2026\u2026\u2026\u2026\u2026\u2026\u2026\u2026\u2026\u2026<\/strong><\/p><\/td><\/tr><tr><td class=\"td5\" rowspan=\"3\" valign=\"top\"><p class=\"p5\"><strong><span class=\"Apple-converted-space\">\u00a0<\/span>*\u0130\u015fyeri veya \u0130kamet Adresi:<\/strong><\/p><\/td><td class=\"td4\" valign=\"top\"><p class=\"p5\"><strong>\u2026\u2026\u2026\u2026\u2026\u2026\u2026\u2026\u2026\u2026\u2026\u2026\u2026\u2026\u2026\u2026\u2026\u2026\u2026\u2026\u2026\u2026\u2026\u2026\u2026\u2026<\/strong><\/p><\/td><\/tr><tr><td class=\"td4\" valign=\"top\"><p class=\"p6\">\u00a0<\/p><\/td><\/tr><tr><td class=\"td2\" valign=\"top\"><p class=\"p7\">\u00a0<\/p><\/td><\/tr><\/tbody><\/table><ol class=\"ol1\"><li class=\"li4\"><strong>L\u00fctfen veri sahibi olarak Otelimiz ile olan ili\u015fkinizi belirtiniz.\u00a0<\/strong><em>(M\u00fc\u015fteri, \u00e7al\u0131\u015fan, eski \u00e7al\u0131\u015fan, \u00fc\u00e7\u00fcnc\u00fc taraf firma \u00e7al\u0131\u015fan\u0131 vb.)<\/em><\/li><\/ol><p class=\"p8\"><strong>Hizmet al\u0131nmas\u0131\/al\u0131nm\u0131\u015f olmas\u0131 halinde doldurulacakt\u0131r<\/strong><\/p><table class=\"t1\" cellspacing=\"0\" cellpadding=\"0\"><tbody><tr><td class=\"td6\" valign=\"top\"><p class=\"p5\"><span class=\"s1\">\u2610<\/span>\u00a0M\u00fc\u015fteriyim<\/p><p class=\"p6\">\u00a0<\/p><\/td><td class=\"td7\" valign=\"top\"><p class=\"p5\"><span class=\"s1\">\u2610<\/span>\u00a0Eski M\u00fc\u015fteriyim<\/p><p class=\"p6\">\u00a0<\/p><\/td><td class=\"td8\" valign=\"top\"><p class=\"p5\"><span class=\"s1\">\u2610<\/span>\u00a0Di\u011fer: \u2026\u2026\u2026\u2026\u2026\u2026\u2026.<\/p><\/td><\/tr><tr><td class=\"td9\" colspan=\"3\" valign=\"top\"><p class=\"p5\">Hizmet Al\u0131nan Birimler:\u2026.\u2026\u2026\u2026\u2026\u2026\u2026\u2026\u2026\u2026\u2026\u2026\u2026\u2026\u2026\u2026\u2026\u2026\u2026\u2026\u2026\u2026..\u2026\u2026\u2026\u2026\u2026\u2026\u2026\u2026\u2026\u2026\u2026\u2026\u2026<\/p><p class=\"p9\">\u00a0<\/p><\/td><\/tr><\/tbody><\/table><p class=\"p8\"><strong>Otel\u2019de \u00e7al\u0131\u015f\u0131lmas\u0131\/\u00e7al\u0131\u015f\u0131lm\u0131\u015f olmas\u0131 ya da \u00fc\u00e7\u00fcnc\u00fc taraf \u00e7al\u0131\u015fan\u0131 olunmas\u0131 halinde doldurulacakt\u0131r<\/strong><\/p><table class=\"t1\" cellspacing=\"0\" cellpadding=\"0\"><tbody><tr><td class=\"td10\" valign=\"top\"><p class=\"p5\"><span class=\"s1\">\u2610<\/span>\u00a0Mevcut \u00c7al\u0131\u015fan\u0131m<span class=\"Apple-converted-space\">\u00a0<\/span><\/p><p class=\"p5\"><span class=\"s1\">\u2610<\/span>\u00a0Eski \u00c7al\u0131\u015fan\u0131m<span class=\"Apple-converted-space\">\u00a0<\/span><\/p><p class=\"p5\"><em>\u00c7al\u0131\u015ft\u0131\u011f\u0131m Y\u0131llar : \u2026\u2026\u2026\u2026\u2026\u2026<\/em><span class=\"Apple-converted-space\">\u00a0<\/span><\/p><p class=\"p6\">\u00a0<\/p><\/td><td class=\"td11\" valign=\"top\"><p class=\"p5\"><span class=\"s1\">\u2610<\/span>\u00a0\u0130\u015f Ba\u015fvurusu \/ \u00d6zge\u00e7mi\u015f Payla\u015f\u0131m\u0131 Yapt\u0131m\u00a0<em>Tarih : \u2026\u2026\u2026<\/em>\u2026<\/p><p class=\"p5\"><span class=\"s1\">\u2610<\/span>\u00a0\u00dc\u00e7\u00fcnc\u00fc Ki\u015fi Firma \u00c7al\u0131\u015fan\u0131y\u0131m<span class=\"Apple-converted-space\">\u00a0<\/span><\/p><p class=\"p5\"><em>L\u00fctfen \u00e7al\u0131\u015ft\u0131\u011f\u0131n\u0131z firma ve pozisyon bilgisini belirtiniz<span class=\"Apple-converted-space\">\u00a0<\/span><\/em><\/p><p class=\"p5\"><em>\u2026\u2026\u2026\u2026\u2026\u2026\u2026\u2026\u2026\u2026\u2026\u2026\u2026\u2026\u2026\u2026<\/em><\/p><\/td><\/tr><\/tbody><\/table>\t\t\t\t\t\t\t\t<\/div>\n\t\t\t\t<\/div>\n\t\t\t\t\t<\/div>\n\t\t\t\t<\/div>\n\t\t\t\t\t<\/div>\n\t\t\t\t<\/div>\n\t\t\t\t<\/div>","protected":false},"excerpt":{"rendered":"<p>Ba\u015fvuru Formu KOLTUR SEYAHAT ACENTALI\u011eI TUR\u0130ZM T\u0130CARET ANON\u0130M \u015e\u0130RKET\u0130 (\u201c\u015eirket\u201d veya \u201cOtel\u201d ) VER\u0130 SORUMLUSUNA BA\u015eVURU FORMU Veri Sahibinin ileti\u015fim bilgileri: *Ad\u0131-Soyad\u0131:\u00a0 \u2026\u2026\u2026\u2026\u2026\u2026\u2026\u2026\u2026\u2026\u2026\u2026\u2026\u2026\u2026\u2026\u2026\u2026\u2026\u2026\u2026\u2026\u2026\u2026\u2026&#8230;. *TC Kimlik Numaras\u0131: \u2026\u2026\u2026\u2026\u2026\u2026\u2026\u2026\u2026\u2026\u2026\u2026\u2026\u2026\u2026\u2026\u2026\u2026\u2026\u2026\u2026\u2026\u2026\u2026\u2026\u2026 *Telefon ve Faks Numaras\u0131: \u2026\u2026\u2026\u2026\u2026\u2026\u2026\u2026\u2026\u2026\u2026\u2026\u2026\u2026\u2026\u2026\u2026\u2026\u2026\u2026\u2026\u2026\u2026\u2026\u2026\u2026 *\u00a0Elektronik posta adresi \u2026\u2026\u2026\u2026\u2026\u2026\u2026\u2026\u2026\u2026\u2026\u2026\u2026\u2026\u2026\u2026\u2026\u2026\u2026\u2026\u2026\u2026\u2026\u2026\u2026\u2026 \u00a0*\u0130\u015fyeri veya \u0130kamet Adresi: \u2026\u2026\u2026\u2026\u2026\u2026\u2026\u2026\u2026\u2026\u2026\u2026\u2026\u2026\u2026\u2026\u2026\u2026\u2026\u2026\u2026\u2026\u2026\u2026\u2026\u2026 \u00a0 \u00a0 L\u00fctfen veri sahibi olarak Otelimiz ile olan ili\u015fkinizi belirtiniz.\u00a0(M\u00fc\u015fteri, \u00e7al\u0131\u015fan, eski \u00e7al\u0131\u015fan, [&hellip;]<\/p>\n","protected":false},"author":1,"featured_media":0,"parent":0,"menu_order":0,"comment_status":"closed","ping_status":"closed","template":"tpl-default-elementor.php","meta":{"footnotes":""},"class_list":["post-4485","page","type-page","status-publish","hentry"],"yoast_head":"<!-- This site is optimized with the Yoast SEO Premium plugin v21.3 (Yoast SEO v27.4) - https:\/\/yoast.com\/product\/yoast-seo-premium-wordpress\/ -->\n<title>Ba\u015fvuru Formu - Kolin Hotel<\/title>\n<meta name=\"robots\" content=\"index, follow, max-snippet:-1, max-image-preview:large, max-video-preview:-1\" \/>\n<link rel=\"canonical\" href=\"https:\/\/kolinhotel.com\/en\/basvuru-formu\/\" \/>\n<meta property=\"og:locale\" content=\"en_GB\" \/>\n<meta property=\"og:type\" content=\"article\" \/>\n<meta property=\"og:title\" content=\"Ba\u015fvuru Formu\" \/>\n<meta property=\"og:description\" content=\"Ba\u015fvuru Formu KOLTUR SEYAHAT ACENTALI\u011eI TUR\u0130ZM T\u0130CARET ANON\u0130M \u015e\u0130RKET\u0130 (\u201c\u015eirket\u201d veya \u201cOtel\u201d ) VER\u0130 SORUMLUSUNA BA\u015eVURU FORMU Veri Sahibinin ileti\u015fim bilgileri: *Ad\u0131-Soyad\u0131:\u00a0 \u2026\u2026\u2026\u2026\u2026\u2026\u2026\u2026\u2026\u2026\u2026\u2026\u2026\u2026\u2026\u2026\u2026\u2026\u2026\u2026\u2026\u2026\u2026\u2026\u2026&#8230;. *TC Kimlik Numaras\u0131: \u2026\u2026\u2026\u2026\u2026\u2026\u2026\u2026\u2026\u2026\u2026\u2026\u2026\u2026\u2026\u2026\u2026\u2026\u2026\u2026\u2026\u2026\u2026\u2026\u2026\u2026 *Telefon ve Faks Numaras\u0131: \u2026\u2026\u2026\u2026\u2026\u2026\u2026\u2026\u2026\u2026\u2026\u2026\u2026\u2026\u2026\u2026\u2026\u2026\u2026\u2026\u2026\u2026\u2026\u2026\u2026\u2026 *\u00a0Elektronik posta adresi \u2026\u2026\u2026\u2026\u2026\u2026\u2026\u2026\u2026\u2026\u2026\u2026\u2026\u2026\u2026\u2026\u2026\u2026\u2026\u2026\u2026\u2026\u2026\u2026\u2026\u2026 \u00a0*\u0130\u015fyeri veya \u0130kamet Adresi: \u2026\u2026\u2026\u2026\u2026\u2026\u2026\u2026\u2026\u2026\u2026\u2026\u2026\u2026\u2026\u2026\u2026\u2026\u2026\u2026\u2026\u2026\u2026\u2026\u2026\u2026 \u00a0 \u00a0 L\u00fctfen veri sahibi olarak Otelimiz ile olan ili\u015fkinizi belirtiniz.\u00a0(M\u00fc\u015fteri, \u00e7al\u0131\u015fan, eski \u00e7al\u0131\u015fan, [&hellip;]\" \/>\n<meta property=\"og:url\" content=\"https:\/\/kolinhotel.com\/en\/basvuru-formu\/\" \/>\n<meta property=\"og:site_name\" content=\"Kolin Hotel\" \/>\n<meta property=\"article:publisher\" content=\"https:\/\/www.facebook.com\/KolinHotel\/?locale=tr_TR\" \/>\n<meta property=\"article:modified_time\" content=\"2023-12-29T09:53:59+00:00\" \/>\n<meta property=\"og:image\" content=\"https:\/\/kolinhotel.com\/wp-content\/uploads\/Kolin-Hotel-Canakkale-1-1.webp\" \/>\n\t<meta property=\"og:image:width\" content=\"2160\" \/>\n\t<meta property=\"og:image:height\" content=\"1010\" \/>\n\t<meta property=\"og:image:type\" content=\"image\/webp\" \/>\n<meta name=\"twitter:card\" content=\"summary_large_image\" \/>\n<meta name=\"twitter:label1\" content=\"Estimated reading time\" \/>\n\t<meta name=\"twitter:data1\" content=\"1 minute\" \/>\n<script type=\"application\/ld+json\" class=\"yoast-schema-graph\">{\"@context\":\"https:\\\/\\\/schema.org\",\"@graph\":[{\"@type\":\"WebPage\",\"@id\":\"https:\\\/\\\/kolinhotel.com\\\/basvuru-formu\\\/\",\"url\":\"https:\\\/\\\/kolinhotel.com\\\/basvuru-formu\\\/\",\"name\":\"Ba\u015fvuru Formu - Kolin Hotel\",\"isPartOf\":{\"@id\":\"https:\\\/\\\/kolinhotel.com\\\/#website\"},\"datePublished\":\"2023-12-29T09:52:00+00:00\",\"dateModified\":\"2023-12-29T09:53:59+00:00\",\"breadcrumb\":{\"@id\":\"https:\\\/\\\/kolinhotel.com\\\/basvuru-formu\\\/#breadcrumb\"},\"inLanguage\":\"en-GB\",\"potentialAction\":[{\"@type\":\"ReadAction\",\"target\":[\"https:\\\/\\\/kolinhotel.com\\\/basvuru-formu\\\/\"]}]},{\"@type\":\"BreadcrumbList\",\"@id\":\"https:\\\/\\\/kolinhotel.com\\\/basvuru-formu\\\/#breadcrumb\",\"itemListElement\":[{\"@type\":\"ListItem\",\"position\":1,\"name\":\"Anasayfa\",\"item\":\"https:\\\/\\\/kolinhotel.com\\\/\"},{\"@type\":\"ListItem\",\"position\":2,\"name\":\"Ba\u015fvuru Formu\"}]},{\"@type\":\"WebSite\",\"@id\":\"https:\\\/\\\/kolinhotel.com\\\/#website\",\"url\":\"https:\\\/\\\/kolinhotel.com\\\/\",\"name\":\"Kolin Hotel SPA & Convention Center - \u00c7anakkale\",\"description\":\"SPA&amp; Convention Center\",\"publisher\":{\"@id\":\"https:\\\/\\\/kolinhotel.com\\\/#organization\"},\"potentialAction\":[{\"@type\":\"SearchAction\",\"target\":{\"@type\":\"EntryPoint\",\"urlTemplate\":\"https:\\\/\\\/kolinhotel.com\\\/?s={search_term_string}\"},\"query-input\":{\"@type\":\"PropertyValueSpecification\",\"valueRequired\":true,\"valueName\":\"search_term_string\"}}],\"inLanguage\":\"en-GB\"},{\"@type\":\"Organization\",\"@id\":\"https:\\\/\\\/kolinhotel.com\\\/#organization\",\"name\":\"Kolin Hotel SPA & Convention Center - \u00c7anakkale\",\"url\":\"https:\\\/\\\/kolinhotel.com\\\/\",\"logo\":{\"@type\":\"ImageObject\",\"inLanguage\":\"en-GB\",\"@id\":\"https:\\\/\\\/kolinhotel.com\\\/#\\\/schema\\\/logo\\\/image\\\/\",\"url\":\"https:\\\/\\\/i0.wp.com\\\/kolinhotel.com\\\/wp-content\\\/uploads\\\/cropped-sosyalmedya1.png?fit=512%2C512&ssl=1\",\"contentUrl\":\"https:\\\/\\\/i0.wp.com\\\/kolinhotel.com\\\/wp-content\\\/uploads\\\/cropped-sosyalmedya1.png?fit=512%2C512&ssl=1\",\"width\":512,\"height\":512,\"caption\":\"Kolin Hotel SPA & Convention Center - \u00c7anakkale\"},\"image\":{\"@id\":\"https:\\\/\\\/kolinhotel.com\\\/#\\\/schema\\\/logo\\\/image\\\/\"},\"sameAs\":[\"https:\\\/\\\/www.facebook.com\\\/KolinHotel\\\/?locale=tr_TR\",\"https:\\\/\\\/www.instagram.com\\\/kolinhotel\\\/\"]}]}<\/script>\n<!-- \/ Yoast SEO Premium plugin. -->","yoast_head_json":{"title":"Ba\u015fvuru Formu - Kolin Hotel","robots":{"index":"index","follow":"follow","max-snippet":"max-snippet:-1","max-image-preview":"max-image-preview:large","max-video-preview":"max-video-preview:-1"},"canonical":"https:\/\/kolinhotel.com\/en\/basvuru-formu\/","og_locale":"en_GB","og_type":"article","og_title":"Ba\u015fvuru Formu","og_description":"Ba\u015fvuru Formu KOLTUR SEYAHAT ACENTALI\u011eI TUR\u0130ZM T\u0130CARET ANON\u0130M \u015e\u0130RKET\u0130 (\u201c\u015eirket\u201d veya \u201cOtel\u201d ) VER\u0130 SORUMLUSUNA BA\u015eVURU FORMU Veri Sahibinin ileti\u015fim bilgileri: *Ad\u0131-Soyad\u0131:\u00a0 \u2026\u2026\u2026\u2026\u2026\u2026\u2026\u2026\u2026\u2026\u2026\u2026\u2026\u2026\u2026\u2026\u2026\u2026\u2026\u2026\u2026\u2026\u2026\u2026\u2026&#8230;. *TC Kimlik Numaras\u0131: \u2026\u2026\u2026\u2026\u2026\u2026\u2026\u2026\u2026\u2026\u2026\u2026\u2026\u2026\u2026\u2026\u2026\u2026\u2026\u2026\u2026\u2026\u2026\u2026\u2026\u2026 *Telefon ve Faks Numaras\u0131: \u2026\u2026\u2026\u2026\u2026\u2026\u2026\u2026\u2026\u2026\u2026\u2026\u2026\u2026\u2026\u2026\u2026\u2026\u2026\u2026\u2026\u2026\u2026\u2026\u2026\u2026 *\u00a0Elektronik posta adresi \u2026\u2026\u2026\u2026\u2026\u2026\u2026\u2026\u2026\u2026\u2026\u2026\u2026\u2026\u2026\u2026\u2026\u2026\u2026\u2026\u2026\u2026\u2026\u2026\u2026\u2026 \u00a0*\u0130\u015fyeri veya \u0130kamet Adresi: \u2026\u2026\u2026\u2026\u2026\u2026\u2026\u2026\u2026\u2026\u2026\u2026\u2026\u2026\u2026\u2026\u2026\u2026\u2026\u2026\u2026\u2026\u2026\u2026\u2026\u2026 \u00a0 \u00a0 L\u00fctfen veri sahibi olarak Otelimiz ile olan ili\u015fkinizi belirtiniz.\u00a0(M\u00fc\u015fteri, \u00e7al\u0131\u015fan, eski \u00e7al\u0131\u015fan, [&hellip;]","og_url":"https:\/\/kolinhotel.com\/en\/basvuru-formu\/","og_site_name":"Kolin Hotel","article_publisher":"https:\/\/www.facebook.com\/KolinHotel\/?locale=tr_TR","article_modified_time":"2023-12-29T09:53:59+00:00","og_image":[{"width":2160,"height":1010,"url":"https:\/\/kolinhotel.com\/wp-content\/uploads\/Kolin-Hotel-Canakkale-1-1.webp","type":"image\/webp"}],"twitter_card":"summary_large_image","twitter_misc":{"Estimated reading time":"1 minute"},"schema":{"@context":"https:\/\/schema.org","@graph":[{"@type":"WebPage","@id":"https:\/\/kolinhotel.com\/basvuru-formu\/","url":"https:\/\/kolinhotel.com\/basvuru-formu\/","name":"Ba\u015fvuru Formu - Kolin Hotel","isPartOf":{"@id":"https:\/\/kolinhotel.com\/#website"},"datePublished":"2023-12-29T09:52:00+00:00","dateModified":"2023-12-29T09:53:59+00:00","breadcrumb":{"@id":"https:\/\/kolinhotel.com\/basvuru-formu\/#breadcrumb"},"inLanguage":"en-GB","potentialAction":[{"@type":"ReadAction","target":["https:\/\/kolinhotel.com\/basvuru-formu\/"]}]},{"@type":"BreadcrumbList","@id":"https:\/\/kolinhotel.com\/basvuru-formu\/#breadcrumb","itemListElement":[{"@type":"ListItem","position":1,"name":"Anasayfa","item":"https:\/\/kolinhotel.com\/"},{"@type":"ListItem","position":2,"name":"Ba\u015fvuru Formu"}]},{"@type":"WebSite","@id":"https:\/\/kolinhotel.com\/#website","url":"https:\/\/kolinhotel.com\/","name":"Kolin Hotel SPA & Convention Center - \u00c7anakkale","description":"SPA&amp; Convention Center","publisher":{"@id":"https:\/\/kolinhotel.com\/#organization"},"potentialAction":[{"@type":"SearchAction","target":{"@type":"EntryPoint","urlTemplate":"https:\/\/kolinhotel.com\/?s={search_term_string}"},"query-input":{"@type":"PropertyValueSpecification","valueRequired":true,"valueName":"search_term_string"}}],"inLanguage":"en-GB"},{"@type":"Organization","@id":"https:\/\/kolinhotel.com\/#organization","name":"Kolin Hotel SPA & Convention Center - \u00c7anakkale","url":"https:\/\/kolinhotel.com\/","logo":{"@type":"ImageObject","inLanguage":"en-GB","@id":"https:\/\/kolinhotel.com\/#\/schema\/logo\/image\/","url":"https:\/\/i0.wp.com\/kolinhotel.com\/wp-content\/uploads\/cropped-sosyalmedya1.png?fit=512%2C512&ssl=1","contentUrl":"https:\/\/i0.wp.com\/kolinhotel.com\/wp-content\/uploads\/cropped-sosyalmedya1.png?fit=512%2C512&ssl=1","width":512,"height":512,"caption":"Kolin Hotel SPA & Convention Center - \u00c7anakkale"},"image":{"@id":"https:\/\/kolinhotel.com\/#\/schema\/logo\/image\/"},"sameAs":["https:\/\/www.facebook.com\/KolinHotel\/?locale=tr_TR","https:\/\/www.instagram.com\/kolinhotel\/"]}]}},"jetpack_sharing_enabled":true,"_links":{"self":[{"href":"https:\/\/kolinhotel.com\/en\/wp-json\/wp\/v2\/pages\/4485","targetHints":{"allow":["GET"]}}],"collection":[{"href":"https:\/\/kolinhotel.com\/en\/wp-json\/wp\/v2\/pages"}],"about":[{"href":"https:\/\/kolinhotel.com\/en\/wp-json\/wp\/v2\/types\/page"}],"author":[{"embeddable":true,"href":"https:\/\/kolinhotel.com\/en\/wp-json\/wp\/v2\/users\/1"}],"replies":[{"embeddable":true,"href":"https:\/\/kolinhotel.com\/en\/wp-json\/wp\/v2\/comments?post=4485"}],"version-history":[{"count":0,"href":"https:\/\/kolinhotel.com\/en\/wp-json\/wp\/v2\/pages\/4485\/revisions"}],"wp:attachment":[{"href":"https:\/\/kolinhotel.com\/en\/wp-json\/wp\/v2\/media?parent=4485"}],"curies":[{"name":"wp","href":"https:\/\/api.w.org\/{rel}","templated":true}]}}