{"id":5321,"date":"2024-06-25T15:04:44","date_gmt":"2024-06-25T15:04:44","guid":{"rendered":"https:\/\/kolinhotel.com\/?page_id=5321"},"modified":"2024-06-25T19:19:17","modified_gmt":"2024-06-25T19:19:17","slug":"sehir-ve-faydali-bilgiler","status":"publish","type":"page","link":"https:\/\/kolinhotel.com\/en\/sehir-ve-faydali-bilgiler\/","title":{"rendered":"City Information"},"content":{"rendered":"<div data-elementor-type=\"wp-page\" data-elementor-id=\"5321\" class=\"elementor elementor-5321\">\n\t\t\t\t<div class=\"elementor-element elementor-element-2adbdc0 e-flex e-con-boxed e-con e-parent\" data-id=\"2adbdc0\" data-element_type=\"container\" data-e-type=\"container\">\n\t\t\t\t\t<div class=\"e-con-inner\">\n\t\t<div class=\"elementor-element elementor-element-d0228ea e-flex e-con-boxed e-con e-child\" data-id=\"d0228ea\" data-element_type=\"container\" data-e-type=\"container\">\n\t\t\t\t\t<div class=\"e-con-inner\">\n\t\t\t\t<div class=\"elementor-element elementor-element-29c4a65 elementor-widget elementor-widget-heading\" data-id=\"29c4a65\" data-element_type=\"widget\" data-e-type=\"widget\" data-widget_type=\"heading.default\">\n\t\t\t\t<div class=\"elementor-widget-container\">\n\t\t\t\t\t<h2 class=\"elementor-heading-title elementor-size-default\">City Information<\/h2>\t\t\t\t<\/div>\n\t\t\t\t<\/div>\n\t\t\t\t\t<\/div>\n\t\t\t\t<\/div>\n\t\t\t\t\t<\/div>\n\t\t\t\t<\/div>\n\t\t<div class=\"elementor-element elementor-element-989ac44 e-flex e-con-boxed e-con e-parent\" data-id=\"989ac44\" data-element_type=\"container\" data-e-type=\"container\">\n\t\t\t\t\t<div class=\"e-con-inner\">\n\t\t\t\t<div class=\"elementor-element elementor-element-c0f2e62 elementor-widget elementor-widget-image\" data-id=\"c0f2e62\" data-element_type=\"widget\" data-e-type=\"widget\" data-widget_type=\"image.default\">\n\t\t\t\t<div class=\"elementor-widget-container\">\n\t\t\t\t\t\t\t\t\t\t\t\t\t\t\t<img fetchpriority=\"high\" decoding=\"async\" width=\"600\" height=\"400\" src=\"https:\/\/kolinhotel.com\/wp-content\/uploads\/canakkalelogo.png\" class=\"attachment-full size-full wp-image-5323\" alt=\"\" srcset=\"https:\/\/kolinhotel.com\/wp-content\/uploads\/canakkalelogo.png 600w, https:\/\/kolinhotel.com\/wp-content\/uploads\/canakkalelogo-300x200.png 300w, https:\/\/kolinhotel.com\/wp-content\/uploads\/canakkalelogo-18x12.png 18w\" sizes=\"(max-width: 600px) 100vw, 600px\" \/>\t\t\t\t\t\t\t\t\t\t\t\t\t\t\t<\/div>\n\t\t\t\t<\/div>\n\t\t\t\t<div class=\"elementor-element elementor-element-d8f6c9e elementor-widget elementor-widget-text-editor\" data-id=\"d8f6c9e\" data-element_type=\"widget\" data-e-type=\"widget\" data-widget_type=\"text-editor.default\">\n\t\t\t\t<div class=\"elementor-widget-container\">\n\t\t\t\t\t\t\t\t\t<p><strong>TAR\u0130H\u0130 KENT TURU \u00d6NER\u0130S\u0130<\/strong><\/p><p>\u00c7anakkale&#8217;de ge\u00e7irece\u011finiz bir g\u00fcn i\u00e7erisinde kenti biraz daha yak\u0131ndan tan\u0131mak ve g\u00fczelliklerini payla\u015fmak isterseniz size 3-4 saatinizi alacak tarihi bir kent turu \u00f6neriyoruz.<\/p><p>\u00c7anakkale&#8217;nin do\u011fal ve geleneksel bulu\u015fma mek\u00e2n\u0131 \u0130skele Meydan\u0131d\u0131r. Bu kentten gelip ge\u00e7en herkesin yolu muhakkak buradan ge\u00e7er. Asya&#8217;dan Avrupa&#8217;ya ve Avrupa&#8217;dan Asya&#8217;ya ge\u00e7me ayr\u0131cal\u0131\u011f\u0131n\u0131n ya\u015fand\u0131\u011f\u0131 nokta buras\u0131d\u0131r. Tarihi kent turuna \u0130skele Meydan\u0131&#8217;ndan ba\u015flayabilirsiniz.<\/p><p><a href=\"https:\/\/www.canakkale.bel.tr\/file\/288\/EabvHArI1MJdDIlrRUVXT20fJKkNyclE.pdf\" target=\"_blank\" rel=\"noopener\"><strong>HAR\u0130TAYI \u0130NCELE<\/strong><\/a><\/p>\t\t\t\t\t\t\t\t<\/div>\n\t\t\t\t<\/div>\n\t\t\t\t<div class=\"elementor-element elementor-element-34986f8 elementor-widget elementor-widget-text-editor\" data-id=\"34986f8\" data-element_type=\"widget\" data-e-type=\"widget\" data-widget_type=\"text-editor.default\">\n\t\t\t\t<div class=\"elementor-widget-container\">\n\t\t\t\t\t\t\t\t\t<p><span style=\"text-decoration: underline;\"><b>KENT TURU HAR\u0130TASINA MOB\u0130L C\u0130HAZINIZDAN ULA\u015eMAK \u0130\u00c7\u0130N QR KODU OKUTAB\u0130L\u0130RS\u0130N\u0130Z.<\/b><\/span><\/p>\t\t\t\t\t\t\t\t<\/div>\n\t\t\t\t<\/div>\n\t\t\t\t<div class=\"elementor-element elementor-element-450fba5 elementor-widget elementor-widget-image\" data-id=\"450fba5\" data-element_type=\"widget\" data-e-type=\"widget\" data-widget_type=\"image.default\">\n\t\t\t\t<div class=\"elementor-widget-container\">\n\t\t\t\t\t\t\t\t\t\t\t\t\t\t\t<img decoding=\"async\" width=\"1080\" height=\"1080\" src=\"https:\/\/kolinhotel.com\/wp-content\/uploads\/KULTURTURUQER.jpg\" class=\"attachment-full size-full wp-image-5328\" alt=\"\" srcset=\"https:\/\/kolinhotel.com\/wp-content\/uploads\/KULTURTURUQER.jpg 1080w, https:\/\/kolinhotel.com\/wp-content\/uploads\/KULTURTURUQER-300x300.jpg 300w, https:\/\/kolinhotel.com\/wp-content\/uploads\/KULTURTURUQER-1024x1024.jpg 1024w, https:\/\/kolinhotel.com\/wp-content\/uploads\/KULTURTURUQER-150x150.jpg 150w, https:\/\/kolinhotel.com\/wp-content\/uploads\/KULTURTURUQER-768x768.jpg 768w, https:\/\/kolinhotel.com\/wp-content\/uploads\/KULTURTURUQER-12x12.jpg 12w, https:\/\/kolinhotel.com\/wp-content\/uploads\/KULTURTURUQER-370x370.jpg 370w, https:\/\/kolinhotel.com\/wp-content\/uploads\/KULTURTURUQER-228x228.jpg 228w, https:\/\/kolinhotel.com\/wp-content\/uploads\/KULTURTURUQER-90x90.jpg 90w, https:\/\/kolinhotel.com\/wp-content\/uploads\/KULTURTURUQER-320x320.jpg 320w, https:\/\/kolinhotel.com\/wp-content\/uploads\/KULTURTURUQER-570x570.jpg 570w, https:\/\/kolinhotel.com\/wp-content\/uploads\/KULTURTURUQER-100x100.jpg 100w\" sizes=\"(max-width: 1080px) 100vw, 1080px\" \/>\t\t\t\t\t\t\t\t\t\t\t\t\t\t\t<\/div>\n\t\t\t\t<\/div>\n\t\t\t\t\t<\/div>\n\t\t\t\t<\/div>\n\t\t\t\t<\/div>","protected":false},"excerpt":{"rendered":"<p>\u015eehir ve Faydal\u0131 Bilgiler TAR\u0130H\u0130 KENT TURU \u00d6NER\u0130S\u0130 \u00c7anakkale&#8217;de ge\u00e7irece\u011finiz bir g\u00fcn i\u00e7erisinde kenti biraz daha yak\u0131ndan tan\u0131mak ve g\u00fczelliklerini payla\u015fmak isterseniz size 3-4 saatinizi alacak tarihi bir kent turu \u00f6neriyoruz. \u00c7anakkale&#8217;nin do\u011fal ve geleneksel bulu\u015fma mek\u00e2n\u0131 \u0130skele Meydan\u0131d\u0131r. Bu kentten gelip ge\u00e7en herkesin yolu muhakkak buradan ge\u00e7er. Asya&#8217;dan Avrupa&#8217;ya ve Avrupa&#8217;dan Asya&#8217;ya ge\u00e7me ayr\u0131cal\u0131\u011f\u0131n\u0131n [&hellip;]<\/p>\n","protected":false},"author":1,"featured_media":0,"parent":0,"menu_order":0,"comment_status":"closed","ping_status":"closed","template":"tpl-default-elementor.php","meta":{"footnotes":""},"class_list":["post-5321","page","type-page","status-publish","hentry"],"yoast_head":"<!-- This site is optimized with the Yoast SEO Premium plugin v21.3 (Yoast SEO v27.4) - https:\/\/yoast.com\/product\/yoast-seo-premium-wordpress\/ -->\n<title>\u015eehir ve Faydal\u0131 Bilgiler - Kolin Hotel<\/title>\n<meta name=\"robots\" content=\"index, follow, max-snippet:-1, max-image-preview:large, max-video-preview:-1\" \/>\n<link rel=\"canonical\" href=\"https:\/\/kolinhotel.com\/en\/sehir-ve-faydali-bilgiler\/\" \/>\n<meta property=\"og:locale\" content=\"en_GB\" \/>\n<meta property=\"og:type\" content=\"article\" \/>\n<meta property=\"og:title\" content=\"\u015eehir ve Faydal\u0131 Bilgiler\" \/>\n<meta property=\"og:description\" content=\"\u015eehir ve Faydal\u0131 Bilgiler TAR\u0130H\u0130 KENT TURU \u00d6NER\u0130S\u0130 \u00c7anakkale&#8217;de ge\u00e7irece\u011finiz bir g\u00fcn i\u00e7erisinde kenti biraz daha yak\u0131ndan tan\u0131mak ve g\u00fczelliklerini payla\u015fmak isterseniz size 3-4 saatinizi alacak tarihi bir kent turu \u00f6neriyoruz. \u00c7anakkale&#8217;nin do\u011fal ve geleneksel bulu\u015fma mek\u00e2n\u0131 \u0130skele Meydan\u0131d\u0131r. Bu kentten gelip ge\u00e7en herkesin yolu muhakkak buradan ge\u00e7er. Asya&#8217;dan Avrupa&#8217;ya ve Avrupa&#8217;dan Asya&#8217;ya ge\u00e7me ayr\u0131cal\u0131\u011f\u0131n\u0131n [&hellip;]\" \/>\n<meta property=\"og:url\" content=\"https:\/\/kolinhotel.com\/en\/sehir-ve-faydali-bilgiler\/\" \/>\n<meta property=\"og:site_name\" content=\"Kolin Hotel\" \/>\n<meta property=\"article:publisher\" content=\"https:\/\/www.facebook.com\/KolinHotel\/?locale=tr_TR\" \/>\n<meta property=\"article:modified_time\" content=\"2024-06-25T19:19:17+00:00\" \/>\n<meta property=\"og:image\" content=\"https:\/\/kolinhotel.com\/wp-content\/uploads\/canakkalelogo.png\" \/>\n<meta name=\"twitter:card\" content=\"summary_large_image\" \/>\n<meta name=\"twitter:label1\" content=\"Estimated reading time\" \/>\n\t<meta name=\"twitter:data1\" content=\"1 minute\" \/>\n<script type=\"application\/ld+json\" class=\"yoast-schema-graph\">{\"@context\":\"https:\\\/\\\/schema.org\",\"@graph\":[{\"@type\":\"WebPage\",\"@id\":\"https:\\\/\\\/kolinhotel.com\\\/sehir-ve-faydali-bilgiler\\\/\",\"url\":\"https:\\\/\\\/kolinhotel.com\\\/sehir-ve-faydali-bilgiler\\\/\",\"name\":\"\u015eehir ve Faydal\u0131 Bilgiler - Kolin Hotel\",\"isPartOf\":{\"@id\":\"https:\\\/\\\/kolinhotel.com\\\/#website\"},\"primaryImageOfPage\":{\"@id\":\"https:\\\/\\\/kolinhotel.com\\\/sehir-ve-faydali-bilgiler\\\/#primaryimage\"},\"image\":{\"@id\":\"https:\\\/\\\/kolinhotel.com\\\/sehir-ve-faydali-bilgiler\\\/#primaryimage\"},\"thumbnailUrl\":\"https:\\\/\\\/kolinhotel.com\\\/wp-content\\\/uploads\\\/canakkalelogo.png\",\"datePublished\":\"2024-06-25T15:04:44+00:00\",\"dateModified\":\"2024-06-25T19:19:17+00:00\",\"breadcrumb\":{\"@id\":\"https:\\\/\\\/kolinhotel.com\\\/sehir-ve-faydali-bilgiler\\\/#breadcrumb\"},\"inLanguage\":\"en-GB\",\"potentialAction\":[{\"@type\":\"ReadAction\",\"target\":[\"https:\\\/\\\/kolinhotel.com\\\/sehir-ve-faydali-bilgiler\\\/\"]}]},{\"@type\":\"ImageObject\",\"inLanguage\":\"en-GB\",\"@id\":\"https:\\\/\\\/kolinhotel.com\\\/sehir-ve-faydali-bilgiler\\\/#primaryimage\",\"url\":\"https:\\\/\\\/kolinhotel.com\\\/wp-content\\\/uploads\\\/canakkalelogo.png\",\"contentUrl\":\"https:\\\/\\\/kolinhotel.com\\\/wp-content\\\/uploads\\\/canakkalelogo.png\"},{\"@type\":\"BreadcrumbList\",\"@id\":\"https:\\\/\\\/kolinhotel.com\\\/sehir-ve-faydali-bilgiler\\\/#breadcrumb\",\"itemListElement\":[{\"@type\":\"ListItem\",\"position\":1,\"name\":\"Anasayfa\",\"item\":\"https:\\\/\\\/kolinhotel.com\\\/\"},{\"@type\":\"ListItem\",\"position\":2,\"name\":\"\u015eehir ve Faydal\u0131 Bilgiler\"}]},{\"@type\":\"WebSite\",\"@id\":\"https:\\\/\\\/kolinhotel.com\\\/#website\",\"url\":\"https:\\\/\\\/kolinhotel.com\\\/\",\"name\":\"Kolin Hotel SPA & Convention Center - \u00c7anakkale\",\"description\":\"SPA&amp; Convention Center\",\"publisher\":{\"@id\":\"https:\\\/\\\/kolinhotel.com\\\/#organization\"},\"potentialAction\":[{\"@type\":\"SearchAction\",\"target\":{\"@type\":\"EntryPoint\",\"urlTemplate\":\"https:\\\/\\\/kolinhotel.com\\\/?s={search_term_string}\"},\"query-input\":{\"@type\":\"PropertyValueSpecification\",\"valueRequired\":true,\"valueName\":\"search_term_string\"}}],\"inLanguage\":\"en-GB\"},{\"@type\":\"Organization\",\"@id\":\"https:\\\/\\\/kolinhotel.com\\\/#organization\",\"name\":\"Kolin Hotel SPA & Convention Center - \u00c7anakkale\",\"url\":\"https:\\\/\\\/kolinhotel.com\\\/\",\"logo\":{\"@type\":\"ImageObject\",\"inLanguage\":\"en-GB\",\"@id\":\"https:\\\/\\\/kolinhotel.com\\\/#\\\/schema\\\/logo\\\/image\\\/\",\"url\":\"https:\\\/\\\/i0.wp.com\\\/kolinhotel.com\\\/wp-content\\\/uploads\\\/cropped-sosyalmedya1.png?fit=512%2C512&ssl=1\",\"contentUrl\":\"https:\\\/\\\/i0.wp.com\\\/kolinhotel.com\\\/wp-content\\\/uploads\\\/cropped-sosyalmedya1.png?fit=512%2C512&ssl=1\",\"width\":512,\"height\":512,\"caption\":\"Kolin Hotel SPA & Convention Center - \u00c7anakkale\"},\"image\":{\"@id\":\"https:\\\/\\\/kolinhotel.com\\\/#\\\/schema\\\/logo\\\/image\\\/\"},\"sameAs\":[\"https:\\\/\\\/www.facebook.com\\\/KolinHotel\\\/?locale=tr_TR\",\"https:\\\/\\\/www.instagram.com\\\/kolinhotel\\\/\"]}]}<\/script>\n<!-- \/ Yoast SEO Premium plugin. -->","yoast_head_json":{"title":"\u015eehir ve Faydal\u0131 Bilgiler - Kolin Hotel","robots":{"index":"index","follow":"follow","max-snippet":"max-snippet:-1","max-image-preview":"max-image-preview:large","max-video-preview":"max-video-preview:-1"},"canonical":"https:\/\/kolinhotel.com\/en\/sehir-ve-faydali-bilgiler\/","og_locale":"en_GB","og_type":"article","og_title":"\u015eehir ve Faydal\u0131 Bilgiler","og_description":"\u015eehir ve Faydal\u0131 Bilgiler TAR\u0130H\u0130 KENT TURU \u00d6NER\u0130S\u0130 \u00c7anakkale&#8217;de ge\u00e7irece\u011finiz bir g\u00fcn i\u00e7erisinde kenti biraz daha yak\u0131ndan tan\u0131mak ve g\u00fczelliklerini payla\u015fmak isterseniz size 3-4 saatinizi alacak tarihi bir kent turu \u00f6neriyoruz. \u00c7anakkale&#8217;nin do\u011fal ve geleneksel bulu\u015fma mek\u00e2n\u0131 \u0130skele Meydan\u0131d\u0131r. Bu kentten gelip ge\u00e7en herkesin yolu muhakkak buradan ge\u00e7er. Asya&#8217;dan Avrupa&#8217;ya ve Avrupa&#8217;dan Asya&#8217;ya ge\u00e7me ayr\u0131cal\u0131\u011f\u0131n\u0131n [&hellip;]","og_url":"https:\/\/kolinhotel.com\/en\/sehir-ve-faydali-bilgiler\/","og_site_name":"Kolin Hotel","article_publisher":"https:\/\/www.facebook.com\/KolinHotel\/?locale=tr_TR","article_modified_time":"2024-06-25T19:19:17+00:00","og_image":[{"url":"https:\/\/kolinhotel.com\/wp-content\/uploads\/canakkalelogo.png","type":"","width":"","height":""}],"twitter_card":"summary_large_image","twitter_misc":{"Estimated reading time":"1 minute"},"schema":{"@context":"https:\/\/schema.org","@graph":[{"@type":"WebPage","@id":"https:\/\/kolinhotel.com\/sehir-ve-faydali-bilgiler\/","url":"https:\/\/kolinhotel.com\/sehir-ve-faydali-bilgiler\/","name":"\u015eehir ve Faydal\u0131 Bilgiler - Kolin Hotel","isPartOf":{"@id":"https:\/\/kolinhotel.com\/#website"},"primaryImageOfPage":{"@id":"https:\/\/kolinhotel.com\/sehir-ve-faydali-bilgiler\/#primaryimage"},"image":{"@id":"https:\/\/kolinhotel.com\/sehir-ve-faydali-bilgiler\/#primaryimage"},"thumbnailUrl":"https:\/\/kolinhotel.com\/wp-content\/uploads\/canakkalelogo.png","datePublished":"2024-06-25T15:04:44+00:00","dateModified":"2024-06-25T19:19:17+00:00","breadcrumb":{"@id":"https:\/\/kolinhotel.com\/sehir-ve-faydali-bilgiler\/#breadcrumb"},"inLanguage":"en-GB","potentialAction":[{"@type":"ReadAction","target":["https:\/\/kolinhotel.com\/sehir-ve-faydali-bilgiler\/"]}]},{"@type":"ImageObject","inLanguage":"en-GB","@id":"https:\/\/kolinhotel.com\/sehir-ve-faydali-bilgiler\/#primaryimage","url":"https:\/\/kolinhotel.com\/wp-content\/uploads\/canakkalelogo.png","contentUrl":"https:\/\/kolinhotel.com\/wp-content\/uploads\/canakkalelogo.png"},{"@type":"BreadcrumbList","@id":"https:\/\/kolinhotel.com\/sehir-ve-faydali-bilgiler\/#breadcrumb","itemListElement":[{"@type":"ListItem","position":1,"name":"Anasayfa","item":"https:\/\/kolinhotel.com\/"},{"@type":"ListItem","position":2,"name":"\u015eehir ve Faydal\u0131 Bilgiler"}]},{"@type":"WebSite","@id":"https:\/\/kolinhotel.com\/#website","url":"https:\/\/kolinhotel.com\/","name":"Kolin Hotel SPA & Convention Center - \u00c7anakkale","description":"SPA&amp; Convention Center","publisher":{"@id":"https:\/\/kolinhotel.com\/#organization"},"potentialAction":[{"@type":"SearchAction","target":{"@type":"EntryPoint","urlTemplate":"https:\/\/kolinhotel.com\/?s={search_term_string}"},"query-input":{"@type":"PropertyValueSpecification","valueRequired":true,"valueName":"search_term_string"}}],"inLanguage":"en-GB"},{"@type":"Organization","@id":"https:\/\/kolinhotel.com\/#organization","name":"Kolin Hotel SPA & Convention Center - \u00c7anakkale","url":"https:\/\/kolinhotel.com\/","logo":{"@type":"ImageObject","inLanguage":"en-GB","@id":"https:\/\/kolinhotel.com\/#\/schema\/logo\/image\/","url":"https:\/\/i0.wp.com\/kolinhotel.com\/wp-content\/uploads\/cropped-sosyalmedya1.png?fit=512%2C512&ssl=1","contentUrl":"https:\/\/i0.wp.com\/kolinhotel.com\/wp-content\/uploads\/cropped-sosyalmedya1.png?fit=512%2C512&ssl=1","width":512,"height":512,"caption":"Kolin Hotel SPA & Convention Center - \u00c7anakkale"},"image":{"@id":"https:\/\/kolinhotel.com\/#\/schema\/logo\/image\/"},"sameAs":["https:\/\/www.facebook.com\/KolinHotel\/?locale=tr_TR","https:\/\/www.instagram.com\/kolinhotel\/"]}]}},"jetpack_sharing_enabled":true,"_links":{"self":[{"href":"https:\/\/kolinhotel.com\/en\/wp-json\/wp\/v2\/pages\/5321","targetHints":{"allow":["GET"]}}],"collection":[{"href":"https:\/\/kolinhotel.com\/en\/wp-json\/wp\/v2\/pages"}],"about":[{"href":"https:\/\/kolinhotel.com\/en\/wp-json\/wp\/v2\/types\/page"}],"author":[{"embeddable":true,"href":"https:\/\/kolinhotel.com\/en\/wp-json\/wp\/v2\/users\/1"}],"replies":[{"embeddable":true,"href":"https:\/\/kolinhotel.com\/en\/wp-json\/wp\/v2\/comments?post=5321"}],"version-history":[{"count":10,"href":"https:\/\/kolinhotel.com\/en\/wp-json\/wp\/v2\/pages\/5321\/revisions"}],"predecessor-version":[{"id":5334,"href":"https:\/\/kolinhotel.com\/en\/wp-json\/wp\/v2\/pages\/5321\/revisions\/5334"}],"wp:attachment":[{"href":"https:\/\/kolinhotel.com\/en\/wp-json\/wp\/v2\/media?parent=5321"}],"curies":[{"name":"wp","href":"https:\/\/api.w.org\/{rel}","templated":true}]}}